{"id":10799,"date":"2017-05-17T20:05:52","date_gmt":"2017-05-17T20:05:52","guid":{"rendered":"https:\/\/siciliansail.com\/contacts\/"},"modified":"2021-07-13T12:38:35","modified_gmt":"2021-07-13T12:38:35","slug":"contacts","status":"publish","type":"page","link":"https:\/\/siciliansail.com\/fr\/contacts\/","title":{"rendered":"Nous contacter"},"content":{"rendered":"<p>[vc_section full_width=\u00a0\u00bbstretch_row\u00a0\u00bb][vc_row content_placement=\u00a0\u00bbtop\u00a0\u00bb][vc_column width=\u00a0\u00bb1\/2&Prime;]<div class=\"heading  header-underline align-left color-black transform-default icon-type-hidden   vc_custom_1623338059734 heading-tag-h4\" id=\"like_sc_header_1354713201\"><h4 class=\"header ltx-sr-id-like_sc_header_1354713201971823422 ltx-sr ltx-sr-effect-fade_in ltx-sr-el-block ltx-sr-delay-0 ltx-sr-duration-1000 ltx-sr-sequences-0\">Conditions de s\u00e9curit\u00e9<\/h4><\/div>[vc_column_text]Les conditions de service et les itin\u00e9raires des circuits sont susceptibles d&rsquo;\u00eatre modifi\u00e9s en raison des conditions m\u00e9t\u00e9orologiques ou des dispositions prises par les autorit\u00e9s maritimes locales. Les d\u00e9cisions du commandant pour la protection des passagers en mer sont d\u00e9finitives.<\/p>\n<p>Les chaussures et les jeans ne doivent pas \u00eatre port\u00e9s \u00e0 bord. Il est sugg\u00e9r\u00e9 aux passagers de porter des v\u00eatements confortables en coton, avec des boutons en laiton ou aussi peu de m\u00e9tal que possible, et d&rsquo;apporter un sweat-shirt ou un coupe-vent.[\/vc_column_text]<div class=\"align-default \"><ul class=\"social-icons-list   vc_custom_1593547012789 bg-main  icon-weight-bold\" id=\"like_sc_header_1804640712\"><li class=\" \"><a href=\"tel:3923540210\"><span class=\"ltx-social-color fas fa-phone\"><\/span><span class=\"head\">+39 3923540210<\/span><\/a><\/li><li class=\" \"><a href=\"https:\/\/wa.me\/393923540210\"><span class=\"ltx-social-color fab fa-whatsapp\"><\/span><span class=\"head\">WhatsApp<\/span><\/a><\/li><li class=\" \"><a href=\"https:\/\/maps.google.com\/maps?ll=37.500846,15.093281&#038;z=14&#038;t=m&#038;hl=it-IT&#038;gl=US&#038;mapclient=embed&#038;q=Via%20Cardinale%20Dusmet%2C%202%2095121%20Catania%20CT\"><span class=\"ltx-social-color fas fa-map-marker-alt\"><\/span><span class=\"head\">Via Cardinale Dusmet, 2 95121 Catania CT<\/span><\/a><\/li><li class=\" \"><a href=\"mailto:info@siciliansail.com\"><span class=\"ltx-social-color fas fa-mail-bulk\"><\/span><span class=\"head\">info@siciliansail.com<\/span><\/a><\/li><\/ul><\/div><div class=\"align-default \"><ul class=\"social-big bg-main  icon-weight-bold\" id=\"like_sc_header_2027067028\"><li><a href=\"https:\/\/www.facebook.com\/SicilianSail\/\" class=\"ltx-social-color fab fa-facebook-f\"><\/a><\/li><li><a href=\"https:\/\/www.youtube.com\/channel\/UCO1nX-XI9vjnDHqpj8pwbsg\" class=\"ltx-social-color fab fa-youtube\"><\/a><\/li><li><a href=\"https:\/\/www.instagram.com\/sicilian_sail\" class=\"ltx-social-color fab fa-instagram\"><\/a><\/li><li><a href=\"https:\/\/www.tripadvisor.it\/Attraction_Review-g187888-d5984152-Reviews-Sicilian_Sailing_Tours-Catania_Province_of_Catania_Sicily.html\" class=\"ltx-social-color fab fa-tripadvisor\"><\/a><\/li><\/ul><\/div>[\/vc_column][vc_column width=\u00a0\u00bb1\/2&Prime;]<div class=\"es-resp\">\t<div class=\"visible-xl\" style=\"height: 0px;\"><\/div>\t<div class=\"hidden-xl hidden-md hidden-sm hidden-ms hidden-xs\" style=\"height: 0px;\"><\/div>\t<div class=\"visible-md\" style=\"height: 16px;\"><\/div>\t<div class=\"visible-sm \" style=\"height: 16px;\"><\/div>\t<div class=\"visible-ms\" style=\"height: 16px;\"><\/div>\t<div class=\"visible-xs\" style=\"height: 32px;\"><\/div><\/div><div class=\"ltx-contact-form-7 transform-default form-center form-gray form-bg-gray form-style-default form-btn-default form-btn-default form-padding-default    vc_custom_1526907539863\" id=\"like_sc_contact_form_7_800548854\">\n<div class=\"wpcf7 no-js\" id=\"wpcf7-f10804-o1\" lang=\"fr-FR\" dir=\"ltr\">\n<div class=\"screen-reader-response\"><p role=\"status\" aria-live=\"polite\" aria-atomic=\"true\"><\/p> <ul><\/ul><\/div>\n<form action=\"\/fr\/wp-json\/wp\/v2\/pages\/10799#wpcf7-f10804-o1\" method=\"post\" class=\"wpcf7-form init\" aria-label=\"Formulaire de contact\" novalidate=\"novalidate\" data-status=\"init\">\n<div style=\"display: none;\">\n<input type=\"hidden\" name=\"_wpcf7\" value=\"10804\" \/>\n<input type=\"hidden\" name=\"_wpcf7_version\" value=\"5.9.5\" \/>\n<input type=\"hidden\" name=\"_wpcf7_locale\" value=\"fr_FR\" \/>\n<input type=\"hidden\" name=\"_wpcf7_unit_tag\" value=\"wpcf7-f10804-o1\" \/>\n<input type=\"hidden\" name=\"_wpcf7_container_post\" value=\"0\" \/>\n<input type=\"hidden\" name=\"_wpcf7_posted_data_hash\" value=\"\" \/>\n<input type=\"hidden\" name=\"_wpcf7_recaptcha_response\" value=\"\" \/>\n<\/div>\n<p><span class=\"wpcf7-form-control-wrap\" data-name=\"field-header\"><input size=\"40\" class=\"wpcf7-form-control wpcf7-text wpcf7-validates-as-required\" aria-required=\"true\" aria-invalid=\"false\" placeholder=\"Votre nom\" value=\"\" type=\"text\" name=\"field-header\" \/><\/span>\n<\/p>\n<p><span class=\"wpcf7-form-control-wrap\" data-name=\"field-header2\"><input size=\"40\" class=\"wpcf7-form-control wpcf7-text wpcf7-validates-as-required\" aria-required=\"true\" aria-invalid=\"false\" placeholder=\"Votre e-mail\" value=\"\" type=\"text\" name=\"field-header2\" \/><\/span>\n<\/p>\n<p><span class=\"wpcf7-form-control-wrap\" data-name=\"field-header-3\"><textarea cols=\"40\" rows=\"10\" class=\"wpcf7-form-control wpcf7-textarea\" aria-invalid=\"false\" placeholder=\"Message\" name=\"field-header-3\"><\/textarea><\/span><br \/>\n<span class=\"wpcf7-form-control-wrap\" data-name=\"acceptance-333\"><span class=\"wpcf7-form-control wpcf7-acceptance\"><span class=\"wpcf7-list-item\"><label><input type=\"checkbox\" name=\"acceptance-333\" value=\"1\" aria-invalid=\"false\" \/><span class=\"wpcf7-list-item-label\">J'ai lu et j'accepte les <a href=\"\/privacy-policy\/\">privacy<\/a> conditions g\u00e9n\u00e9rales<\/span><\/label><\/span><\/span><\/span>\n<\/p>\n<p><input class=\"wpcf7-form-control wpcf7-submit has-spinner\" type=\"submit\" value=\"Submit\" \/>\n<\/p>\n<p>This site is protected by recaptcha and <a href=\"https:\/\/policies.google.com\/privacy\"> privacy policy <\/a> and <a href = \"https:\/\/policies.google.com\/terms\" > terms and conditions <\/a> of Google\n<\/p><div class=\"wpcf7-response-output\" aria-hidden=\"true\"><\/div>\n<\/form>\n<\/div>\n<\/div>[\/vc_column][\/vc_row][vc_row][vc_column][vc_empty_space height=\u00a0\u00bb72&Prime;][\/vc_column][\/vc_row][\/vc_section][vc_row full_width=\u00a0\u00bbstretch_row_content_no_spaces\u00a0\u00bb][vc_column]<div  id=\"like_sc_google_maps_312489836\" data-marker=\"https:\/\/siciliansail.com\/wp-content\/themes\/lamaro\/assets\/images\/location.png\" class=\"ltx-google-maps    vc_custom_1626179909068\" data-style=\"yellow\" data-lng=\"15.093281\" data-lat=\"37.500846\" data-zoom=\"17\" style=\"width: 100%; height: 460px;\"><\/div>[\/vc_column][\/vc_row][vc_row full_width=\u00a0\u00bbstretch_row_content_no_spaces\u00a0\u00bb disable_element=\u00a0\u00bbyes\u00a0\u00bb][vc_column][vc_custom_heading text=\u00a0\u00bbWhere we are\u00a0\u00bb font_container=\u00a0\u00bbtag:h2|text_align:center\u00a0\u00bb][vc_gmaps link=\u00a0\u00bb#E-8_JTNDaWZyYW1lJTIwc3JjJTNEJTIyaHR0cHMlM0ElMkYlMkZ3d3cuZ29vZ2xlLmNvbSUyRm1hcHMlMkZlbWJlZCUzRnBiJTNEJTIxMW0xOCUyMTFtMTIlMjExbTMlMjExZDE1ODIuNjQ5OTI1MDk2OTE1NyUyMTJkMTUuMDkyMTg2NzU3MDE4MzI3JTIxM2QzNy41MDA4NDU0Nzk4MTAzJTIxMm0zJTIxMWYwJTIxMmYwJTIxM2YwJTIxM20yJTIxMWkxMDI0JTIxMmk3NjglMjE0ZjEzLjElMjEzbTMlMjExbTIlMjExczB4MTMxM2UzMzA1MDg4NjkxMyUyNTNBMHgyNzdlNGQzMDlkYzE0MzU1JTIxMnNWaWElMjUyMENhcmRpbmFsZSUyNTIwRHVzbWV0JTI1MkMlMjUyMDIlMjUyQyUyNTIwOTUxMjElMjUyMENhdGFuaWElMjUyMENUJTIxNWUwJTIxM20yJTIxMXNpdCUyMTJzaXQlMjE0djE2MTUyODExMDcwNzklMjE1bTIlMjExc2l0JTIxMnNpdCUyMiUyMHdpZHRoJTNEJTIyMTAwJTI1JTIyJTIwaGVpZ2h0JTNEJTIyNDUwJTIyJTIwc3R5bGUlM0QlMjJib3JkZXIlM0EwJTNCJTIyJTIwYWxsb3dmdWxsc2NyZWVuJTNEJTIyJTIyJTIwbG9hZGluZyUzRCUyMmxhenklMjIlM0UlM0MlMkZpZnJhbWUlM0U=\u00a0\u00bb size=\u00a0\u00bb450&Prime;][\/vc_column][\/vc_row]<\/p>\n","protected":false},"excerpt":{"rendered":"<p>[vc_section full_width=\u00a0\u00bbstretch_row\u00a0\u00bb][vc_row content_placement=\u00a0\u00bbtop\u00a0\u00bb][vc_column width=\u00a0\u00bb1\/2&Prime;][vc_column_text]Les conditions de service et les itin\u00e9raires des circuits sont susceptibles d&rsquo;\u00eatre modifi\u00e9s en raison des conditions m\u00e9t\u00e9orologiques ou des dispositions prises par les autorit\u00e9s maritimes locales. Les d\u00e9cisions du commandant pour la protection des passagers en mer sont d\u00e9finitives. Les chaussures et les jeans ne doivent pas \u00eatre port\u00e9s \u00e0 bord. Il est sugg\u00e9r\u00e9 aux passagers de porter des v\u00eatements confortables en coton, avec des boutons en laiton ou aussi peu de m\u00e9tal que possible, et d&rsquo;apporter un sweat-shirt ou un coupe-vent.[\/vc_column_text][\/vc_column][vc_column width=\u00a0\u00bb1\/2&Prime;][\/vc_column][\/vc_row][vc_row][vc_column][vc_empty_space height=\u00a0\u00bb72&Prime;][\/vc_column][\/vc_row][\/vc_section][vc_row full_width=\u00a0\u00bbstretch_row_content_no_spaces\u00a0\u00bb][vc_column][\/vc_column][\/vc_row][vc_row full_width=\u00a0\u00bbstretch_row_content_no_spaces\u00a0\u00bb disable_element=\u00a0\u00bbyes\u00a0\u00bb][vc_column][vc_custom_heading text=\u00a0\u00bbWhere we are\u00a0\u00bb font_container=\u00a0\u00bbtag:h2|text_align:center\u00a0\u00bb][vc_gmaps link=\u00a0\u00bb#E-8_JTNDaWZyYW1lJTIwc3JjJTNEJTIyaHR0cHMlM0ElMkYlMkZ3d3cuZ29vZ2xlLmNvbSUyRm1hcHMlMkZlbWJlZCUzRnBiJTNEJTIxMW0xOCUyMTFtMTIlMjExbTMlMjExZDE1ODIuNjQ5OTI1MDk2OTE1NyUyMTJkMTUuMDkyMTg2NzU3MDE4MzI3JTIxM2QzNy41MDA4NDU0Nzk4MTAzJTIxMm0zJTIxMWYwJTIxMmYwJTIxM2YwJTIxM20yJTIxMWkxMDI0JTIxMmk3NjglMjE0ZjEzLjElMjEzbTMlMjExbTIlMjExczB4MTMxM2UzMzA1MDg4NjkxMyUyNTNBMHgyNzdlNGQzMDlkYzE0MzU1JTIxMnNWaWElMjUyMENhcmRpbmFsZSUyNTIwRHVzbWV0JTI1MkMlMjUyMDIlMjUyQyUyNTIwOTUxMjElMjUyMENhdGFuaWElMjUyMENUJTIxNWUwJTIxM20yJTIxMXNpdCUyMTJzaXQlMjE0djE2MTUyODExMDcwNzklMjE1bTIlMjExc2l0JTIxMnNpdCUyMiUyMHdpZHRoJTNEJTIyMTAwJTI1JTIyJTIwaGVpZ2h0JTNEJTIyNDUwJTIyJTIwc3R5bGUlM0QlMjJib3JkZXIlM0EwJTNCJTIyJTIwYWxsb3dmdWxsc2NyZWVuJTNEJTIyJTIyJTIwbG9hZGluZyUzRCUyMmxhenklMjIlM0UlM0MlMkZpZnJhbWUlM0U=\u00a0\u00bb size=\u00a0\u00bb450&Prime;][\/vc_column][\/vc_row]<\/p>\n","protected":false},"author":1,"featured_media":10831,"parent":0,"menu_order":0,"comment_status":"closed","ping_status":"closed","template":"page-templates\/full-width.php","meta":{"_joinchat":[],"footnotes":""},"yoast_head":"<!-- This site is optimized with the Yoast SEO plugin v22.8 - https:\/\/yoast.com\/wordpress\/plugins\/seo\/ -->\n<title>Nous contacter - Sicilia Sail Tour<\/title>\n<meta name=\"robots\" content=\"index, follow, max-snippet:-1, max-image-preview:large, max-video-preview:-1\" \/>\n<link rel=\"canonical\" href=\"https:\/\/siciliansail.com\/fr\/contacts\/\" \/>\n<meta property=\"og:locale\" content=\"fr_FR\" \/>\n<meta property=\"og:type\" content=\"article\" \/>\n<meta property=\"og:title\" content=\"Nous contacter - Sicilia Sail Tour\" \/>\n<meta property=\"og:description\" content=\"[vc_section full_width=\u00a0\u00bbstretch_row\u00a0\u00bb][vc_row content_placement=\u00a0\u00bbtop\u00a0\u00bb][vc_column width=\u00a0\u00bb1\/2&Prime;][vc_column_text]Les conditions de service et les itin\u00e9raires des circuits sont susceptibles d&rsquo;\u00eatre modifi\u00e9s en raison des conditions m\u00e9t\u00e9orologiques ou des dispositions prises par les autorit\u00e9s maritimes locales. Les d\u00e9cisions du commandant pour la protection des passagers en mer sont d\u00e9finitives. Les chaussures et les jeans ne doivent pas \u00eatre port\u00e9s \u00e0 bord. Il est sugg\u00e9r\u00e9 aux passagers de porter des v\u00eatements confortables en coton, avec des boutons en laiton ou aussi peu de m\u00e9tal que possible, et d&rsquo;apporter un sweat-shirt ou un coupe-vent.[\/vc_column_text][\/vc_column][vc_column width=\u00a0\u00bb1\/2&Prime;][\/vc_column][\/vc_row][vc_row][vc_column][vc_empty_space height=\u00a0\u00bb72&Prime;][\/vc_column][\/vc_row][\/vc_section][vc_row full_width=\u00a0\u00bbstretch_row_content_no_spaces\u00a0\u00bb][vc_column][\/vc_column][\/vc_row][vc_row full_width=\u00a0\u00bbstretch_row_content_no_spaces\u00a0\u00bb disable_element=\u00a0\u00bbyes\u00a0\u00bb][vc_column][vc_custom_heading text=\u00a0\u00bbWhere we are\u00a0\u00bb font_container=\u00a0\u00bbtag:h2|text_align:center\u00a0\u00bb][vc_gmaps link=\u00a0\u00bb#E-8_JTNDaWZyYW1lJTIwc3JjJTNEJTIyaHR0cHMlM0ElMkYlMkZ3d3cuZ29vZ2xlLmNvbSUyRm1hcHMlMkZlbWJlZCUzRnBiJTNEJTIxMW0xOCUyMTFtMTIlMjExbTMlMjExZDE1ODIuNjQ5OTI1MDk2OTE1NyUyMTJkMTUuMDkyMTg2NzU3MDE4MzI3JTIxM2QzNy41MDA4NDU0Nzk4MTAzJTIxMm0zJTIxMWYwJTIxMmYwJTIxM2YwJTIxM20yJTIxMWkxMDI0JTIxMmk3NjglMjE0ZjEzLjElMjEzbTMlMjExbTIlMjExczB4MTMxM2UzMzA1MDg4NjkxMyUyNTNBMHgyNzdlNGQzMDlkYzE0MzU1JTIxMnNWaWElMjUyMENhcmRpbmFsZSUyNTIwRHVzbWV0JTI1MkMlMjUyMDIlMjUyQyUyNTIwOTUxMjElMjUyMENhdGFuaWElMjUyMENUJTIxNWUwJTIxM20yJTIxMXNpdCUyMTJzaXQlMjE0djE2MTUyODExMDcwNzklMjE1bTIlMjExc2l0JTIxMnNpdCUyMiUyMHdpZHRoJTNEJTIyMTAwJTI1JTIyJTIwaGVpZ2h0JTNEJTIyNDUwJTIyJTIwc3R5bGUlM0QlMjJib3JkZXIlM0EwJTNCJTIyJTIwYWxsb3dmdWxsc2NyZWVuJTNEJTIyJTIyJTIwbG9hZGluZyUzRCUyMmxhenklMjIlM0UlM0MlMkZpZnJhbWUlM0U=\u00a0\u00bb size=\u00a0\u00bb450&Prime;][\/vc_column][\/vc_row]\" \/>\n<meta property=\"og:url\" content=\"https:\/\/siciliansail.com\/fr\/contacts\/\" \/>\n<meta property=\"og:site_name\" content=\"Sicilia Sail Tour\" \/>\n<meta property=\"article:modified_time\" content=\"2021-07-13T12:38:35+00:00\" \/>\n<meta property=\"og:image\" content=\"https:\/\/siciliansail.com\/wp-content\/uploads\/2018\/02\/contatti.jpg\" \/>\n\t<meta property=\"og:image:width\" content=\"1920\" \/>\n\t<meta property=\"og:image:height\" content=\"700\" \/>\n\t<meta property=\"og:image:type\" content=\"image\/jpeg\" \/>\n<meta name=\"twitter:card\" content=\"summary_large_image\" \/>\n<meta name=\"twitter:label1\" content=\"Dur\u00e9e de lecture estim\u00e9e\" \/>\n\t<meta name=\"twitter:data1\" content=\"1 minute\" \/>\n<script type=\"application\/ld+json\" class=\"yoast-schema-graph\">{\"@context\":\"https:\/\/schema.org\",\"@graph\":[{\"@type\":\"WebPage\",\"@id\":\"https:\/\/siciliansail.com\/fr\/contacts\/\",\"url\":\"https:\/\/siciliansail.com\/fr\/contacts\/\",\"name\":\"Nous contacter - Sicilia Sail Tour\",\"isPartOf\":{\"@id\":\"https:\/\/siciliansail.com\/fr\/#website\"},\"primaryImageOfPage\":{\"@id\":\"https:\/\/siciliansail.com\/fr\/contacts\/#primaryimage\"},\"image\":{\"@id\":\"https:\/\/siciliansail.com\/fr\/contacts\/#primaryimage\"},\"thumbnailUrl\":\"https:\/\/siciliansail.com\/wp-content\/uploads\/2018\/02\/contatti.jpg\",\"datePublished\":\"2017-05-17T20:05:52+00:00\",\"dateModified\":\"2021-07-13T12:38:35+00:00\",\"breadcrumb\":{\"@id\":\"https:\/\/siciliansail.com\/fr\/contacts\/#breadcrumb\"},\"inLanguage\":\"fr-FR\",\"potentialAction\":[{\"@type\":\"ReadAction\",\"target\":[\"https:\/\/siciliansail.com\/fr\/contacts\/\"]}]},{\"@type\":\"ImageObject\",\"inLanguage\":\"fr-FR\",\"@id\":\"https:\/\/siciliansail.com\/fr\/contacts\/#primaryimage\",\"url\":\"https:\/\/siciliansail.com\/wp-content\/uploads\/2018\/02\/contatti.jpg\",\"contentUrl\":\"https:\/\/siciliansail.com\/wp-content\/uploads\/2018\/02\/contatti.jpg\",\"width\":1920,\"height\":700},{\"@type\":\"BreadcrumbList\",\"@id\":\"https:\/\/siciliansail.com\/fr\/contacts\/#breadcrumb\",\"itemListElement\":[{\"@type\":\"ListItem\",\"position\":1,\"name\":\"Home\",\"item\":\"https:\/\/siciliansail.com\/fr\/\"},{\"@type\":\"ListItem\",\"position\":2,\"name\":\"Nous contacter\"}]},{\"@type\":\"WebSite\",\"@id\":\"https:\/\/siciliansail.com\/fr\/#website\",\"url\":\"https:\/\/siciliansail.com\/fr\/\",\"name\":\"Sicilia Sail Tour\",\"description\":\"Excellence in navigation\",\"potentialAction\":[{\"@type\":\"SearchAction\",\"target\":{\"@type\":\"EntryPoint\",\"urlTemplate\":\"https:\/\/siciliansail.com\/fr\/?s={search_term_string}\"},\"query-input\":\"required name=search_term_string\"}],\"inLanguage\":\"fr-FR\"}]}<\/script>\n<!-- \/ Yoast SEO plugin. -->","yoast_head_json":{"title":"Nous contacter - Sicilia Sail Tour","robots":{"index":"index","follow":"follow","max-snippet":"max-snippet:-1","max-image-preview":"max-image-preview:large","max-video-preview":"max-video-preview:-1"},"canonical":"https:\/\/siciliansail.com\/fr\/contacts\/","og_locale":"fr_FR","og_type":"article","og_title":"Nous contacter - Sicilia Sail Tour","og_description":"[vc_section full_width=\u00a0\u00bbstretch_row\u00a0\u00bb][vc_row content_placement=\u00a0\u00bbtop\u00a0\u00bb][vc_column width=\u00a0\u00bb1\/2&Prime;][vc_column_text]Les conditions de service et les itin\u00e9raires des circuits sont susceptibles d&rsquo;\u00eatre modifi\u00e9s en raison des conditions m\u00e9t\u00e9orologiques ou des dispositions prises par les autorit\u00e9s maritimes locales. Les d\u00e9cisions du commandant pour la protection des passagers en mer sont d\u00e9finitives. Les chaussures et les jeans ne doivent pas \u00eatre port\u00e9s \u00e0 bord. Il est sugg\u00e9r\u00e9 aux passagers de porter des v\u00eatements confortables en coton, avec des boutons en laiton ou aussi peu de m\u00e9tal que possible, et d&rsquo;apporter un sweat-shirt ou un coupe-vent.[\/vc_column_text][\/vc_column][vc_column width=\u00a0\u00bb1\/2&Prime;][\/vc_column][\/vc_row][vc_row][vc_column][vc_empty_space height=\u00a0\u00bb72&Prime;][\/vc_column][\/vc_row][\/vc_section][vc_row full_width=\u00a0\u00bbstretch_row_content_no_spaces\u00a0\u00bb][vc_column][\/vc_column][\/vc_row][vc_row full_width=\u00a0\u00bbstretch_row_content_no_spaces\u00a0\u00bb disable_element=\u00a0\u00bbyes\u00a0\u00bb][vc_column][vc_custom_heading text=\u00a0\u00bbWhere we are\u00a0\u00bb font_container=\u00a0\u00bbtag:h2|text_align:center\u00a0\u00bb][vc_gmaps link=\u00a0\u00bb#E-8_JTNDaWZyYW1lJTIwc3JjJTNEJTIyaHR0cHMlM0ElMkYlMkZ3d3cuZ29vZ2xlLmNvbSUyRm1hcHMlMkZlbWJlZCUzRnBiJTNEJTIxMW0xOCUyMTFtMTIlMjExbTMlMjExZDE1ODIuNjQ5OTI1MDk2OTE1NyUyMTJkMTUuMDkyMTg2NzU3MDE4MzI3JTIxM2QzNy41MDA4NDU0Nzk4MTAzJTIxMm0zJTIxMWYwJTIxMmYwJTIxM2YwJTIxM20yJTIxMWkxMDI0JTIxMmk3NjglMjE0ZjEzLjElMjEzbTMlMjExbTIlMjExczB4MTMxM2UzMzA1MDg4NjkxMyUyNTNBMHgyNzdlNGQzMDlkYzE0MzU1JTIxMnNWaWElMjUyMENhcmRpbmFsZSUyNTIwRHVzbWV0JTI1MkMlMjUyMDIlMjUyQyUyNTIwOTUxMjElMjUyMENhdGFuaWElMjUyMENUJTIxNWUwJTIxM20yJTIxMXNpdCUyMTJzaXQlMjE0djE2MTUyODExMDcwNzklMjE1bTIlMjExc2l0JTIxMnNpdCUyMiUyMHdpZHRoJTNEJTIyMTAwJTI1JTIyJTIwaGVpZ2h0JTNEJTIyNDUwJTIyJTIwc3R5bGUlM0QlMjJib3JkZXIlM0EwJTNCJTIyJTIwYWxsb3dmdWxsc2NyZWVuJTNEJTIyJTIyJTIwbG9hZGluZyUzRCUyMmxhenklMjIlM0UlM0MlMkZpZnJhbWUlM0U=\u00a0\u00bb size=\u00a0\u00bb450&Prime;][\/vc_column][\/vc_row]","og_url":"https:\/\/siciliansail.com\/fr\/contacts\/","og_site_name":"Sicilia Sail Tour","article_modified_time":"2021-07-13T12:38:35+00:00","og_image":[{"width":1920,"height":700,"url":"https:\/\/siciliansail.com\/wp-content\/uploads\/2018\/02\/contatti.jpg","type":"image\/jpeg"}],"twitter_card":"summary_large_image","twitter_misc":{"Dur\u00e9e de lecture estim\u00e9e":"1 minute"},"schema":{"@context":"https:\/\/schema.org","@graph":[{"@type":"WebPage","@id":"https:\/\/siciliansail.com\/fr\/contacts\/","url":"https:\/\/siciliansail.com\/fr\/contacts\/","name":"Nous contacter - Sicilia Sail Tour","isPartOf":{"@id":"https:\/\/siciliansail.com\/fr\/#website"},"primaryImageOfPage":{"@id":"https:\/\/siciliansail.com\/fr\/contacts\/#primaryimage"},"image":{"@id":"https:\/\/siciliansail.com\/fr\/contacts\/#primaryimage"},"thumbnailUrl":"https:\/\/siciliansail.com\/wp-content\/uploads\/2018\/02\/contatti.jpg","datePublished":"2017-05-17T20:05:52+00:00","dateModified":"2021-07-13T12:38:35+00:00","breadcrumb":{"@id":"https:\/\/siciliansail.com\/fr\/contacts\/#breadcrumb"},"inLanguage":"fr-FR","potentialAction":[{"@type":"ReadAction","target":["https:\/\/siciliansail.com\/fr\/contacts\/"]}]},{"@type":"ImageObject","inLanguage":"fr-FR","@id":"https:\/\/siciliansail.com\/fr\/contacts\/#primaryimage","url":"https:\/\/siciliansail.com\/wp-content\/uploads\/2018\/02\/contatti.jpg","contentUrl":"https:\/\/siciliansail.com\/wp-content\/uploads\/2018\/02\/contatti.jpg","width":1920,"height":700},{"@type":"BreadcrumbList","@id":"https:\/\/siciliansail.com\/fr\/contacts\/#breadcrumb","itemListElement":[{"@type":"ListItem","position":1,"name":"Home","item":"https:\/\/siciliansail.com\/fr\/"},{"@type":"ListItem","position":2,"name":"Nous contacter"}]},{"@type":"WebSite","@id":"https:\/\/siciliansail.com\/fr\/#website","url":"https:\/\/siciliansail.com\/fr\/","name":"Sicilia Sail Tour","description":"Excellence in navigation","potentialAction":[{"@type":"SearchAction","target":{"@type":"EntryPoint","urlTemplate":"https:\/\/siciliansail.com\/fr\/?s={search_term_string}"},"query-input":"required name=search_term_string"}],"inLanguage":"fr-FR"}]}},"_links":{"self":[{"href":"https:\/\/siciliansail.com\/fr\/wp-json\/wp\/v2\/pages\/10799"}],"collection":[{"href":"https:\/\/siciliansail.com\/fr\/wp-json\/wp\/v2\/pages"}],"about":[{"href":"https:\/\/siciliansail.com\/fr\/wp-json\/wp\/v2\/types\/page"}],"author":[{"embeddable":true,"href":"https:\/\/siciliansail.com\/fr\/wp-json\/wp\/v2\/users\/1"}],"replies":[{"embeddable":true,"href":"https:\/\/siciliansail.com\/fr\/wp-json\/wp\/v2\/comments?post=10799"}],"version-history":[{"count":4,"href":"https:\/\/siciliansail.com\/fr\/wp-json\/wp\/v2\/pages\/10799\/revisions"}],"predecessor-version":[{"id":11499,"href":"https:\/\/siciliansail.com\/fr\/wp-json\/wp\/v2\/pages\/10799\/revisions\/11499"}],"wp:featuredmedia":[{"embeddable":true,"href":"https:\/\/siciliansail.com\/fr\/wp-json\/wp\/v2\/media\/10831"}],"wp:attachment":[{"href":"https:\/\/siciliansail.com\/fr\/wp-json\/wp\/v2\/media?parent=10799"}],"curies":[{"name":"wp","href":"https:\/\/api.w.org\/{rel}","templated":true}]}}