{"id":10788,"date":"2020-07-01T04:55:43","date_gmt":"2020-07-01T04:55:43","guid":{"rendered":"https:\/\/siciliansail.com\/sailing-destination\/"},"modified":"2022-07-20T10:58:37","modified_gmt":"2022-07-20T10:58:37","slug":"sailing-destination","status":"publish","type":"page","link":"https:\/\/siciliansail.com\/fr\/sailing-destination\/","title":{"rendered":"Destination voile"},"content":{"rendered":"<p>[vc_row equal_height=\u00a0\u00bbyes\u00a0\u00bb css=\u00a0\u00bb.vc_custom_1623138883424{padding-top: 100px !important;padding-bottom: 100px !important;}\u00a0\u00bb][vc_column width=\u00a0\u00bb1\/2&Prime;][vc_column_text]Sicilian Sail offre de nombreuses possibilit\u00e9s de louer votre propre aventure en mer pour explorer la Sicile. Nous sommes bas\u00e9s \u00e0 Catane, au Port Vecchio, et nos bateaux sont amarr\u00e9s au port espagnol \u00ab\u00a0Club Nautico Catania\u00a0\u00bb.\u00a0 En g\u00e9n\u00e9ral, il est pr\u00e9f\u00e9rable de choisir une partie de la Sicile que vous souhaitez explorer et de nous en informer avant votre d\u00e9part.<\/p>\n<p>Notre \u00e9quipage se consacre \u00e0 faire en sorte que vous passiez un voyage agr\u00e9able et relaxant. Sicilian Sail peut mettre \u00e0 la disposition de ses clients des skippers et des h\u00f4tesses professionnels et exp\u00e9riment\u00e9s, capables de parler italien, anglais, fran\u00e7ais et espagnol.<\/p>\n<div id=\"gtx-trans\" style=\"position: absolute; left: 224px; top: 415px;\">\n<div class=\"gtx-trans-icon\"><\/div>\n<\/div>\n<p>[\/vc_column_text]<div class=\"es-resp\">\t<div class=\"visible-xl\" style=\"height: 12px;\"><\/div>\t<div class=\"hidden-xl hidden-md hidden-sm hidden-ms hidden-xs\" style=\"height: 12px;\"><\/div>\t<div class=\"visible-md\" style=\"height: 12px;\"><\/div>\t<div class=\"visible-sm \" style=\"height: 12px;\"><\/div>\t<div class=\"visible-ms\" style=\"height: 12px;\"><\/div>\t<div class=\"visible-xs\" style=\"height: 12px;\"><\/div><\/div>[\/vc_column][vc_column width=\u00a0\u00bb1\/2&Prime;][vc_single_image image=\u00a0\u00bb10233&Prime; img_size=\u00a0\u00bbfull\u00a0\u00bb alignment=\u00a0\u00bbcenter\u00a0\u00bb style=\u00a0\u00bbvc_box_border\u00a0\u00bb border_color=\u00a0\u00bbchino\u00a0\u00bb][\/vc_column][\/vc_row][vc_section full_width=\u00a0\u00bbstretch_row\u00a0\u00bb bg_color_select=\u00a0\u00bbgray\u00a0\u00bb bg_overlay=\u00a0\u00bbdivider\u00a0\u00bb bg_pos=\u00a0\u00bbcenter-center\u00a0\u00bb theme_section=\u00a0\u00bbdisplaced-top\u00a0\u00bb css=\u00a0\u00bb.vc_custom_1545783735033{margin-top: 0px !important;background-image: url(https:\/\/siciliansail.com\/wp-content\/uploads\/2018\/12\/services-bg-2.png?id=7744) !important;background-position: center !important;background-repeat: no-repeat !important;background-size: cover !important;}\u00a0\u00bb][vc_row][vc_column]<div class=\"es-resp\">\t<div class=\"visible-xl\" style=\"height: 12px;\"><\/div>\t<div class=\"hidden-xl hidden-md hidden-sm hidden-ms hidden-xs\" style=\"height: 12px;\"><\/div>\t<div class=\"visible-md\" style=\"height: 12px;\"><\/div>\t<div class=\"visible-sm \" style=\"height: 12px;\"><\/div>\t<div class=\"visible-ms\" style=\"height: 12px;\"><\/div>\t<div class=\"visible-xs\" style=\"height: 12px;\"><\/div><\/div><div class=\"heading  header-underline align-center color-black subcolor-main transform-default has-subheader icon-type-default   vc_custom_1623337483238 heading-tag-h2\" id=\"like_sc_header_1026630341\"><h4 class=\"subheader ltx-sr-id-like_sc_header_10266303411043982605 ltx-sr ltx-sr-effect-fade_in ltx-sr-el-block ltx-sr-delay-100 ltx-sr-duration-300 ltx-sr-sequences-50\">Splendide Sicile<\/h4><h2 class=\"header ltx-sr-id-like_sc_header_10266303411899216992 ltx-sr ltx-sr-effect-fade_in ltx-sr-el-block ltx-sr-delay-0 ltx-sr-duration-1000 ltx-sr-sequences-0\">Destination de la voile<\/h2><\/div>[vc_separator color=\u00a0\u00bbchino\u00a0\u00bb][vc_row_inner el_class=\u00a0\u00bbno_desktop\u00a0\u00bb][vc_column_inner width=\u00a0\u00bb1\/2&Prime;]<div  id=\"like_sc_google_maps_888958628\" data-marker=\"https:\/\/siciliansail.com\/wp-content\/themes\/lamaro\/assets\/images\/location.png\" class=\"ltx-google-maps \" data-style=\"yellow\" data-lng=\"15.0553858\" data-lat=\"37.5071912\" data-zoom=\"15\" style=\"width: 100%; height: 320px;\"><\/div>[\/vc_column_inner][vc_column_inner width=\u00a0\u00bb1\/2&Prime;][vc_column_text]<strong>CATANIA<\/strong><br \/>\nPorto di Catania (CT)<\/p>\n<p>Dans le port commercial de Catane se trouve le Club Nautico Catania. C&rsquo;est certainement le meilleur choix si votre d\u00e9sir est de combiner dans les m\u00eames vacances mer, montagne et sites historiques.<\/p>\n<p>Dans cette ville, vous trouverez de merveilleux sites d&rsquo;int\u00e9r\u00eat historique et culturel, ainsi que le magnifique mont Etna. Au d\u00e9part de Catane, vous aurez deux options pour d\u00e9couvrir la c\u00f4te est ionique : au sud Syracuse, Marzamemi et Isola delle correnti ; au nord Acitrezza, Acireale et Taormina, \u00e0 vous de choisir.<\/p>\n<div id=\"gtx-trans\" style=\"position: absolute; left: 89px; top: 79px;\">\n<div class=\"gtx-trans-icon\"><\/div>\n<\/div>\n<p>[\/vc_column_text][\/vc_column_inner][\/vc_row_inner][vc_row_inner el_class=\u00a0\u00bbno_mobile\u00a0\u00bb][vc_column_inner width=\u00a0\u00bb1\/2&Prime;][vc_column_text]<strong>CATANIA<\/strong><br \/>\nPorto di Catania (CT)<\/p>\n<p>In the commercial port of Catania are situated in the Club Nautico Catania. This is certainly the best choice if your desire is to combine in the same holiday sea, mountain and historical sites.<\/p>\n<p>In this town you will find wonderful sites of historical and cultural interest, as well as the magnificent Mount Etna. Departing from Catania you will have two options to discovery the ionic east coast: to the south Syracuse, Marzamemi and Isola delle correnti; to the north Acitrezza, Acireale and Taormina, the choice is yours.<\/p>\n<div id=\"gtx-trans\" style=\"position: absolute; left: 89px; top: 79px;\">\n<div class=\"gtx-trans-icon\"><\/div>\n<\/div>\n<p>[\/vc_column_text][\/vc_column_inner][vc_column_inner width=\u00a0\u00bb1\/2&Prime;]<div  id=\"like_sc_google_maps_474514147\" data-marker=\"https:\/\/siciliansail.com\/wp-content\/themes\/lamaro\/assets\/images\/location.png\" class=\"ltx-google-maps \" data-style=\"yellow\" data-lng=\"15.0553858\" data-lat=\"37.5071912\" data-zoom=\"15\" style=\"width: 100%; height: 320px;\"><\/div>[\/vc_column_inner][\/vc_row_inner][vc_separator color=\u00a0\u00bbchino\u00a0\u00bb][vc_row_inner][vc_column_inner width=\u00a0\u00bb1\/2&Prime;][vc_column_text]<strong>TAORMINA<\/strong><\/p>\n<p>Notre service de taxi-voilier sicilien est disponible pour accompagner les clients \u00e0 notre bateau et au quai.<br \/>\n\u00c0 Taormina, il n&rsquo;y a pas de ports disponibles pour les grands bateaux mais nous avons un partenariat avec un h\u00f4tel de yachts d&rsquo;amarrage situ\u00e9 \u00e0 l&rsquo;int\u00e9rieur de la baie sur le c\u00f4t\u00e9 sud de Capo Taormina.<\/p>\n<p>Ici, la zone d&rsquo;amarrage s&rsquo;\u00e9tend sur 35 000 m\u00e8tres carr\u00e9s dans la baie de Taormina et de Giardini Naxos.<\/p>\n<p>Le champ de bou\u00e9es exclusif, \u00e9quip\u00e9 de syst\u00e8mes d&rsquo;amarrage s\u00fbrs et p\u00e9riodiquement v\u00e9rifi\u00e9s, est compos\u00e9 de 30 amarres \u00e0 poids mort comme suit :<\/p>\n<p>Le service de bateau-taxi est op\u00e9rationnel de juin \u00e0 septembre, p\u00e9riode au cours de laquelle notre service de conciergerie 24h\/24 est \u00e9galement \u00e0 la disposition des clients.<\/p>\n<p>Le Concierge op\u00e8re \u00e0 partir d&rsquo;un bateau taxi de 37&prime; de long, pr\u00eat en permanence \u00e0 l&rsquo;int\u00e9rieur du champ de bou\u00e9es pour r\u00e9pondre rapidement aux besoins des clients.[\/vc_column_text][\/vc_column_inner][vc_column_inner width=\u00a0\u00bb1\/2&Prime;]<div  id=\"like_sc_google_maps_165203790\" data-marker=\"https:\/\/siciliansail.com\/wp-content\/themes\/lamaro\/assets\/images\/location.png\" class=\"ltx-google-maps \" data-style=\"yellow\" data-lng=\"15.2773825\" data-lat=\"37.8414298\" data-zoom=\"17\" style=\"width: 100%; height: 380px;\"><\/div>[vc_column_text]<strong>Point de rencontre :<\/strong><br \/>\nLe d\u00e9part se fait de : Lungomare Regina Margherita, 98035 Giardini Naxos ME, Italia[\/vc_column_text][\/vc_column_inner][\/vc_row_inner]<div class=\"es-resp\">\t<div class=\"visible-xl\" style=\"height: 6px;\"><\/div>\t<div class=\"hidden-xl hidden-md hidden-sm hidden-ms hidden-xs\" style=\"height: 6px;\"><\/div>\t<div class=\"visible-md\" style=\"height: 6px;\"><\/div>\t<div class=\"visible-sm \" style=\"height: 6px;\"><\/div>\t<div class=\"visible-ms\" style=\"height: 6px;\"><\/div>\t<div class=\"visible-xs\" style=\"height: 6px;\"><\/div><\/div><div class=\"es-resp\">\t<div class=\"visible-xl\" style=\"height: 90px;\"><\/div>\t<div class=\"hidden-xl hidden-md hidden-sm hidden-ms hidden-xs\" style=\"height: 90px;\"><\/div>\t<div class=\"visible-md\" style=\"height: 90px;\"><\/div>\t<div class=\"visible-sm \" style=\"height: 90px;\"><\/div>\t<div class=\"visible-ms\" style=\"height: 90px;\"><\/div>\t<div class=\"visible-xs\" style=\"height: 90px;\"><\/div><\/div>[\/vc_column][\/vc_row][\/vc_section]<\/p>\n","protected":false},"excerpt":{"rendered":"<p>[vc_row equal_height=\u00a0\u00bbyes\u00a0\u00bb css=\u00a0\u00bb.vc_custom_1623138883424{padding-top: 100px !important;padding-bottom: 100px !important;}\u00a0\u00bb][vc_column width=\u00a0\u00bb1\/2&Prime;][vc_column_text]Sicilian Sail offre de nombreuses possibilit\u00e9s de louer votre propre aventure en mer pour explorer la Sicile. Nous sommes bas\u00e9s \u00e0 Catane, au Port Vecchio, et nos bateaux sont amarr\u00e9s au port espagnol \u00ab\u00a0Club Nautico Catania\u00a0\u00bb.\u00a0 En g\u00e9n\u00e9ral, il est pr\u00e9f\u00e9rable de choisir une partie de la Sicile que vous souhaitez explorer et de nous en informer avant votre d\u00e9part. Notre \u00e9quipage se consacre \u00e0 faire en sorte que vous passiez un voyage agr\u00e9able et relaxant. Sicilian Sail peut mettre \u00e0 la disposition de ses clients des skippers et des h\u00f4tesses professionnels et exp\u00e9riment\u00e9s, capables de parler italien, anglais, fran\u00e7ais et espagnol. [\/vc_column_text][\/vc_column][vc_column width=\u00a0\u00bb1\/2&Prime;][vc_single_image image=\u00a0\u00bb10233&Prime; img_size=\u00a0\u00bbfull\u00a0\u00bb alignment=\u00a0\u00bbcenter\u00a0\u00bb style=\u00a0\u00bbvc_box_border\u00a0\u00bb border_color=\u00a0\u00bbchino\u00a0\u00bb][\/vc_column][\/vc_row][vc_section full_width=\u00a0\u00bbstretch_row\u00a0\u00bb bg_color_select=\u00a0\u00bbgray\u00a0\u00bb bg_overlay=\u00a0\u00bbdivider\u00a0\u00bb bg_pos=\u00a0\u00bbcenter-center\u00a0\u00bb theme_section=\u00a0\u00bbdisplaced-top\u00a0\u00bb css=\u00a0\u00bb.vc_custom_1545783735033{margin-top: 0px !important;background-image: url(https:\/\/siciliansail.com\/wp-content\/uploads\/2018\/12\/services-bg-2.png?id=7744) !important;background-position: center !important;background-repeat: no-repeat !important;background-size: cover !important;}\u00a0\u00bb][vc_row][vc_column][vc_separator color=\u00a0\u00bbchino\u00a0\u00bb][vc_row_inner el_class=\u00a0\u00bbno_desktop\u00a0\u00bb][vc_column_inner width=\u00a0\u00bb1\/2&Prime;][\/vc_column_inner][vc_column_inner width=\u00a0\u00bb1\/2&Prime;][vc_column_text]CATANIA Porto di Catania (CT) Dans le port commercial de Catane se trouve le Club [&hellip;]<\/p>\n","protected":false},"author":1,"featured_media":10476,"parent":0,"menu_order":0,"comment_status":"closed","ping_status":"closed","template":"","meta":{"_joinchat":[],"footnotes":""},"yoast_head":"<!-- This site is optimized with the Yoast SEO plugin v22.8 - https:\/\/yoast.com\/wordpress\/plugins\/seo\/ -->\n<title>Destination voile - Sicilia Sail Tour<\/title>\n<meta name=\"robots\" content=\"index, follow, max-snippet:-1, max-image-preview:large, max-video-preview:-1\" \/>\n<link rel=\"canonical\" href=\"https:\/\/siciliansail.com\/fr\/sailing-destination\/\" \/>\n<meta property=\"og:locale\" content=\"fr_FR\" \/>\n<meta property=\"og:type\" content=\"article\" \/>\n<meta property=\"og:title\" content=\"Destination voile - Sicilia Sail Tour\" \/>\n<meta property=\"og:description\" content=\"[vc_row equal_height=\u00a0\u00bbyes\u00a0\u00bb css=\u00a0\u00bb.vc_custom_1623138883424{padding-top: 100px !important;padding-bottom: 100px !important;}\u00a0\u00bb][vc_column width=\u00a0\u00bb1\/2&Prime;][vc_column_text]Sicilian Sail offre de nombreuses possibilit\u00e9s de louer votre propre aventure en mer pour explorer la Sicile. Nous sommes bas\u00e9s \u00e0 Catane, au Port Vecchio, et nos bateaux sont amarr\u00e9s au port espagnol \u00ab\u00a0Club Nautico Catania\u00a0\u00bb.\u00a0 En g\u00e9n\u00e9ral, il est pr\u00e9f\u00e9rable de choisir une partie de la Sicile que vous souhaitez explorer et de nous en informer avant votre d\u00e9part. Notre \u00e9quipage se consacre \u00e0 faire en sorte que vous passiez un voyage agr\u00e9able et relaxant. Sicilian Sail peut mettre \u00e0 la disposition de ses clients des skippers et des h\u00f4tesses professionnels et exp\u00e9riment\u00e9s, capables de parler italien, anglais, fran\u00e7ais et espagnol. [\/vc_column_text][\/vc_column][vc_column width=\u00a0\u00bb1\/2&Prime;][vc_single_image image=\u00a0\u00bb10233&Prime; img_size=\u00a0\u00bbfull\u00a0\u00bb alignment=\u00a0\u00bbcenter\u00a0\u00bb style=\u00a0\u00bbvc_box_border\u00a0\u00bb border_color=\u00a0\u00bbchino\u00a0\u00bb][\/vc_column][\/vc_row][vc_section full_width=\u00a0\u00bbstretch_row\u00a0\u00bb bg_color_select=\u00a0\u00bbgray\u00a0\u00bb bg_overlay=\u00a0\u00bbdivider\u00a0\u00bb bg_pos=\u00a0\u00bbcenter-center\u00a0\u00bb theme_section=\u00a0\u00bbdisplaced-top\u00a0\u00bb css=\u00a0\u00bb.vc_custom_1545783735033{margin-top: 0px !important;background-image: url(https:\/\/siciliansail.com\/wp-content\/uploads\/2018\/12\/services-bg-2.png?id=7744) !important;background-position: center !important;background-repeat: no-repeat !important;background-size: cover !important;}\u00a0\u00bb][vc_row][vc_column][vc_separator color=\u00a0\u00bbchino\u00a0\u00bb][vc_row_inner el_class=\u00a0\u00bbno_desktop\u00a0\u00bb][vc_column_inner width=\u00a0\u00bb1\/2&Prime;][\/vc_column_inner][vc_column_inner width=\u00a0\u00bb1\/2&Prime;][vc_column_text]CATANIA Porto di Catania (CT) Dans le port commercial de Catane se trouve le Club [&hellip;]\" \/>\n<meta property=\"og:url\" content=\"https:\/\/siciliansail.com\/fr\/sailing-destination\/\" \/>\n<meta property=\"og:site_name\" content=\"Sicilia Sail Tour\" \/>\n<meta property=\"article:modified_time\" content=\"2022-07-20T10:58:37+00:00\" \/>\n<meta property=\"og:image\" content=\"https:\/\/siciliansail.com\/wp-content\/uploads\/2021\/06\/flotta.jpg\" \/>\n\t<meta property=\"og:image:width\" content=\"1920\" \/>\n\t<meta property=\"og:image:height\" content=\"700\" \/>\n\t<meta property=\"og:image:type\" content=\"image\/jpeg\" \/>\n<meta name=\"twitter:card\" content=\"summary_large_image\" \/>\n<meta name=\"twitter:label1\" content=\"Dur\u00e9e de lecture estim\u00e9e\" \/>\n\t<meta name=\"twitter:data1\" content=\"4 minutes\" \/>\n<script type=\"application\/ld+json\" class=\"yoast-schema-graph\">{\"@context\":\"https:\/\/schema.org\",\"@graph\":[{\"@type\":\"WebPage\",\"@id\":\"https:\/\/siciliansail.com\/fr\/sailing-destination\/\",\"url\":\"https:\/\/siciliansail.com\/fr\/sailing-destination\/\",\"name\":\"Destination voile - Sicilia Sail Tour\",\"isPartOf\":{\"@id\":\"https:\/\/siciliansail.com\/fr\/#website\"},\"primaryImageOfPage\":{\"@id\":\"https:\/\/siciliansail.com\/fr\/sailing-destination\/#primaryimage\"},\"image\":{\"@id\":\"https:\/\/siciliansail.com\/fr\/sailing-destination\/#primaryimage\"},\"thumbnailUrl\":\"https:\/\/siciliansail.com\/wp-content\/uploads\/2021\/06\/flotta.jpg\",\"datePublished\":\"2020-07-01T04:55:43+00:00\",\"dateModified\":\"2022-07-20T10:58:37+00:00\",\"breadcrumb\":{\"@id\":\"https:\/\/siciliansail.com\/fr\/sailing-destination\/#breadcrumb\"},\"inLanguage\":\"fr-FR\",\"potentialAction\":[{\"@type\":\"ReadAction\",\"target\":[\"https:\/\/siciliansail.com\/fr\/sailing-destination\/\"]}]},{\"@type\":\"ImageObject\",\"inLanguage\":\"fr-FR\",\"@id\":\"https:\/\/siciliansail.com\/fr\/sailing-destination\/#primaryimage\",\"url\":\"https:\/\/siciliansail.com\/wp-content\/uploads\/2021\/06\/flotta.jpg\",\"contentUrl\":\"https:\/\/siciliansail.com\/wp-content\/uploads\/2021\/06\/flotta.jpg\",\"width\":1920,\"height\":700},{\"@type\":\"BreadcrumbList\",\"@id\":\"https:\/\/siciliansail.com\/fr\/sailing-destination\/#breadcrumb\",\"itemListElement\":[{\"@type\":\"ListItem\",\"position\":1,\"name\":\"Home\",\"item\":\"https:\/\/siciliansail.com\/fr\/\"},{\"@type\":\"ListItem\",\"position\":2,\"name\":\"Destination voile\"}]},{\"@type\":\"WebSite\",\"@id\":\"https:\/\/siciliansail.com\/fr\/#website\",\"url\":\"https:\/\/siciliansail.com\/fr\/\",\"name\":\"Sicilia Sail Tour\",\"description\":\"Excellence in navigation\",\"potentialAction\":[{\"@type\":\"SearchAction\",\"target\":{\"@type\":\"EntryPoint\",\"urlTemplate\":\"https:\/\/siciliansail.com\/fr\/?s={search_term_string}\"},\"query-input\":\"required name=search_term_string\"}],\"inLanguage\":\"fr-FR\"}]}<\/script>\n<!-- \/ Yoast SEO plugin. -->","yoast_head_json":{"title":"Destination voile - Sicilia Sail Tour","robots":{"index":"index","follow":"follow","max-snippet":"max-snippet:-1","max-image-preview":"max-image-preview:large","max-video-preview":"max-video-preview:-1"},"canonical":"https:\/\/siciliansail.com\/fr\/sailing-destination\/","og_locale":"fr_FR","og_type":"article","og_title":"Destination voile - Sicilia Sail Tour","og_description":"[vc_row equal_height=\u00a0\u00bbyes\u00a0\u00bb css=\u00a0\u00bb.vc_custom_1623138883424{padding-top: 100px !important;padding-bottom: 100px !important;}\u00a0\u00bb][vc_column width=\u00a0\u00bb1\/2&Prime;][vc_column_text]Sicilian Sail offre de nombreuses possibilit\u00e9s de louer votre propre aventure en mer pour explorer la Sicile. Nous sommes bas\u00e9s \u00e0 Catane, au Port Vecchio, et nos bateaux sont amarr\u00e9s au port espagnol \u00ab\u00a0Club Nautico Catania\u00a0\u00bb.\u00a0 En g\u00e9n\u00e9ral, il est pr\u00e9f\u00e9rable de choisir une partie de la Sicile que vous souhaitez explorer et de nous en informer avant votre d\u00e9part. Notre \u00e9quipage se consacre \u00e0 faire en sorte que vous passiez un voyage agr\u00e9able et relaxant. Sicilian Sail peut mettre \u00e0 la disposition de ses clients des skippers et des h\u00f4tesses professionnels et exp\u00e9riment\u00e9s, capables de parler italien, anglais, fran\u00e7ais et espagnol. [\/vc_column_text][\/vc_column][vc_column width=\u00a0\u00bb1\/2&Prime;][vc_single_image image=\u00a0\u00bb10233&Prime; img_size=\u00a0\u00bbfull\u00a0\u00bb alignment=\u00a0\u00bbcenter\u00a0\u00bb style=\u00a0\u00bbvc_box_border\u00a0\u00bb border_color=\u00a0\u00bbchino\u00a0\u00bb][\/vc_column][\/vc_row][vc_section full_width=\u00a0\u00bbstretch_row\u00a0\u00bb bg_color_select=\u00a0\u00bbgray\u00a0\u00bb bg_overlay=\u00a0\u00bbdivider\u00a0\u00bb bg_pos=\u00a0\u00bbcenter-center\u00a0\u00bb theme_section=\u00a0\u00bbdisplaced-top\u00a0\u00bb css=\u00a0\u00bb.vc_custom_1545783735033{margin-top: 0px !important;background-image: url(https:\/\/siciliansail.com\/wp-content\/uploads\/2018\/12\/services-bg-2.png?id=7744) !important;background-position: center !important;background-repeat: no-repeat !important;background-size: cover !important;}\u00a0\u00bb][vc_row][vc_column][vc_separator color=\u00a0\u00bbchino\u00a0\u00bb][vc_row_inner el_class=\u00a0\u00bbno_desktop\u00a0\u00bb][vc_column_inner width=\u00a0\u00bb1\/2&Prime;][\/vc_column_inner][vc_column_inner width=\u00a0\u00bb1\/2&Prime;][vc_column_text]CATANIA Porto di Catania (CT) Dans le port commercial de Catane se trouve le Club [&hellip;]","og_url":"https:\/\/siciliansail.com\/fr\/sailing-destination\/","og_site_name":"Sicilia Sail Tour","article_modified_time":"2022-07-20T10:58:37+00:00","og_image":[{"width":1920,"height":700,"url":"https:\/\/siciliansail.com\/wp-content\/uploads\/2021\/06\/flotta.jpg","type":"image\/jpeg"}],"twitter_card":"summary_large_image","twitter_misc":{"Dur\u00e9e de lecture estim\u00e9e":"4 minutes"},"schema":{"@context":"https:\/\/schema.org","@graph":[{"@type":"WebPage","@id":"https:\/\/siciliansail.com\/fr\/sailing-destination\/","url":"https:\/\/siciliansail.com\/fr\/sailing-destination\/","name":"Destination voile - Sicilia Sail Tour","isPartOf":{"@id":"https:\/\/siciliansail.com\/fr\/#website"},"primaryImageOfPage":{"@id":"https:\/\/siciliansail.com\/fr\/sailing-destination\/#primaryimage"},"image":{"@id":"https:\/\/siciliansail.com\/fr\/sailing-destination\/#primaryimage"},"thumbnailUrl":"https:\/\/siciliansail.com\/wp-content\/uploads\/2021\/06\/flotta.jpg","datePublished":"2020-07-01T04:55:43+00:00","dateModified":"2022-07-20T10:58:37+00:00","breadcrumb":{"@id":"https:\/\/siciliansail.com\/fr\/sailing-destination\/#breadcrumb"},"inLanguage":"fr-FR","potentialAction":[{"@type":"ReadAction","target":["https:\/\/siciliansail.com\/fr\/sailing-destination\/"]}]},{"@type":"ImageObject","inLanguage":"fr-FR","@id":"https:\/\/siciliansail.com\/fr\/sailing-destination\/#primaryimage","url":"https:\/\/siciliansail.com\/wp-content\/uploads\/2021\/06\/flotta.jpg","contentUrl":"https:\/\/siciliansail.com\/wp-content\/uploads\/2021\/06\/flotta.jpg","width":1920,"height":700},{"@type":"BreadcrumbList","@id":"https:\/\/siciliansail.com\/fr\/sailing-destination\/#breadcrumb","itemListElement":[{"@type":"ListItem","position":1,"name":"Home","item":"https:\/\/siciliansail.com\/fr\/"},{"@type":"ListItem","position":2,"name":"Destination voile"}]},{"@type":"WebSite","@id":"https:\/\/siciliansail.com\/fr\/#website","url":"https:\/\/siciliansail.com\/fr\/","name":"Sicilia Sail Tour","description":"Excellence in navigation","potentialAction":[{"@type":"SearchAction","target":{"@type":"EntryPoint","urlTemplate":"https:\/\/siciliansail.com\/fr\/?s={search_term_string}"},"query-input":"required name=search_term_string"}],"inLanguage":"fr-FR"}]}},"_links":{"self":[{"href":"https:\/\/siciliansail.com\/fr\/wp-json\/wp\/v2\/pages\/10788"}],"collection":[{"href":"https:\/\/siciliansail.com\/fr\/wp-json\/wp\/v2\/pages"}],"about":[{"href":"https:\/\/siciliansail.com\/fr\/wp-json\/wp\/v2\/types\/page"}],"author":[{"embeddable":true,"href":"https:\/\/siciliansail.com\/fr\/wp-json\/wp\/v2\/users\/1"}],"replies":[{"embeddable":true,"href":"https:\/\/siciliansail.com\/fr\/wp-json\/wp\/v2\/comments?post=10788"}],"version-history":[{"count":5,"href":"https:\/\/siciliansail.com\/fr\/wp-json\/wp\/v2\/pages\/10788\/revisions"}],"predecessor-version":[{"id":11769,"href":"https:\/\/siciliansail.com\/fr\/wp-json\/wp\/v2\/pages\/10788\/revisions\/11769"}],"wp:featuredmedia":[{"embeddable":true,"href":"https:\/\/siciliansail.com\/fr\/wp-json\/wp\/v2\/media\/10476"}],"wp:attachment":[{"href":"https:\/\/siciliansail.com\/fr\/wp-json\/wp\/v2\/media?parent=10788"}],"curies":[{"name":"wp","href":"https:\/\/api.w.org\/{rel}","templated":true}]}}