{"id":11629,"date":"2017-05-17T20:05:52","date_gmt":"2017-05-17T20:05:52","guid":{"rendered":"https:\/\/siciliansail.com\/contacts\/"},"modified":"2021-08-21T11:06:10","modified_gmt":"2021-08-21T11:06:10","slug":"contacts","status":"publish","type":"page","link":"https:\/\/siciliansail.com\/de\/contacts\/","title":{"rendered":"Kontakt"},"content":{"rendered":"<p>[vc_section full_width=&#8220;stretch_row&#8220;][vc_row content_placement=&#8220;top&#8220;][vc_column width=&#8220;1\/2&#8243;]<div class=\"heading  header-underline align-left color-black transform-default icon-type-hidden   vc_custom_1629543882203 heading-tag-h4\" id=\"like_sc_header_1264652035\"><h4 class=\"header ltx-sr-id-like_sc_header_12646520351271752583 ltx-sr ltx-sr-effect-fade_in ltx-sr-el-block ltx-sr-delay-0 ltx-sr-duration-1000 ltx-sr-sequences-0\">Sicherheitsbedingungen<\/h4><\/div>[vc_column_text]Die Dienstbedingungen und Reiserouten k\u00f6nnen sich aufgrund der Wetterbedingungen oder der Anordnung der \u00f6rtlichen Seebeh\u00f6rden \u00e4ndern. Die Entscheidungen des Kommandanten zum Schutz der Passagiere auf See sind endg\u00fcltig.<\/p>\n<p>Schuhe und Jeans sollten an Bord nicht getragen werden. Es wird empfohlen, dass die Passagiere bequeme Baumwollkleidung mit weichen Messingkn\u00f6pfen oder m\u00f6glichst wenig Metall tragen und ein Sweatshirt oder eine Windjacke mitbringen.[\/vc_column_text]<div class=\"align-default \"><ul class=\"social-icons-list   vc_custom_1593547012789 bg-main  icon-weight-bold\" id=\"like_sc_header_1378176851\"><li class=\" \"><a href=\"tel:3923540210\"><span class=\"ltx-social-color fas fa-phone\"><\/span><span class=\"head\">+39 3923540210<\/span><\/a><\/li><li class=\" \"><a href=\"https:\/\/wa.me\/393923540210\"><span class=\"ltx-social-color fab fa-whatsapp\"><\/span><span class=\"head\">WhatsApp<\/span><\/a><\/li><li class=\" \"><a href=\"https:\/\/maps.google.com\/maps?ll=37.500846,15.093281&#038;z=14&#038;t=m&#038;hl=it-IT&#038;gl=US&#038;mapclient=embed&#038;q=Via%20Cardinale%20Dusmet%2C%202%2095121%20Catania%20CT\"><span class=\"ltx-social-color fas fa-map-marker-alt\"><\/span><span class=\"head\">Via Cardinale Dusmet, 2 95121 Catania CT<\/span><\/a><\/li><li class=\" \"><a href=\"mailto:info@siciliansail.com\"><span class=\"ltx-social-color fas fa-mail-bulk\"><\/span><span class=\"head\">info@siciliansail.com<\/span><\/a><\/li><\/ul><\/div><div class=\"align-default \"><ul class=\"social-big bg-main  icon-weight-bold\" id=\"like_sc_header_1483353891\"><li><a href=\"https:\/\/www.facebook.com\/SicilianSail\/\" class=\"ltx-social-color fab fa-facebook-f\"><\/a><\/li><li><a href=\"https:\/\/www.youtube.com\/channel\/UCO1nX-XI9vjnDHqpj8pwbsg\" class=\"ltx-social-color fab fa-youtube\"><\/a><\/li><li><a href=\"https:\/\/www.instagram.com\/sicilian_sail\" class=\"ltx-social-color fab fa-instagram\"><\/a><\/li><li><a href=\"https:\/\/www.tripadvisor.it\/Attraction_Review-g187888-d5984152-Reviews-Sicilian_Sailing_Tours-Catania_Province_of_Catania_Sicily.html\" class=\"ltx-social-color fab fa-tripadvisor\"><\/a><\/li><\/ul><\/div>[\/vc_column][vc_column width=&#8220;1\/2&#8243;]<div class=\"es-resp\">\t<div class=\"visible-xl\" style=\"height: 0px;\"><\/div>\t<div class=\"hidden-xl hidden-md hidden-sm hidden-ms hidden-xs\" style=\"height: 0px;\"><\/div>\t<div class=\"visible-md\" style=\"height: 16px;\"><\/div>\t<div class=\"visible-sm \" style=\"height: 16px;\"><\/div>\t<div class=\"visible-ms\" style=\"height: 16px;\"><\/div>\t<div class=\"visible-xs\" style=\"height: 32px;\"><\/div><\/div><div class=\"ltx-contact-form-7 transform-default form-center form-gray form-bg-gray form-style-default form-btn-default form-btn-default form-padding-default    vc_custom_1526907539863\" id=\"like_sc_contact_form_7_570414308\">\n<div class=\"wpcf7 no-js\" id=\"wpcf7-f1555-o1\" lang=\"en-US\" dir=\"ltr\">\n<div class=\"screen-reader-response\"><p role=\"status\" aria-live=\"polite\" aria-atomic=\"true\"><\/p> <ul><\/ul><\/div>\n<form action=\"\/de\/wp-json\/wp\/v2\/pages\/11629#wpcf7-f1555-o1\" method=\"post\" class=\"wpcf7-form init\" aria-label=\"Contact form\" novalidate=\"novalidate\" data-status=\"init\">\n<div style=\"display: none;\">\n<input type=\"hidden\" name=\"_wpcf7\" value=\"1555\" \/>\n<input type=\"hidden\" name=\"_wpcf7_version\" value=\"5.9.5\" \/>\n<input type=\"hidden\" name=\"_wpcf7_locale\" value=\"en_US\" \/>\n<input type=\"hidden\" name=\"_wpcf7_unit_tag\" value=\"wpcf7-f1555-o1\" \/>\n<input type=\"hidden\" name=\"_wpcf7_container_post\" value=\"0\" \/>\n<input type=\"hidden\" name=\"_wpcf7_posted_data_hash\" value=\"\" \/>\n<input type=\"hidden\" name=\"_wpcf7_recaptcha_response\" value=\"\" \/>\n<\/div>\n<p><span class=\"wpcf7-form-control-wrap\" data-name=\"field-header\"><input size=\"40\" class=\"wpcf7-form-control wpcf7-text wpcf7-validates-as-required\" aria-required=\"true\" aria-invalid=\"false\" placeholder=\"Your name\" value=\"\" type=\"text\" name=\"field-header\" \/><\/span>\n<\/p>\n<p><span class=\"wpcf7-form-control-wrap\" data-name=\"field-header2\"><input size=\"40\" class=\"wpcf7-form-control wpcf7-text wpcf7-validates-as-required\" aria-required=\"true\" aria-invalid=\"false\" placeholder=\"Your email\" value=\"\" type=\"text\" name=\"field-header2\" \/><\/span>\n<\/p>\n<p><span class=\"wpcf7-form-control-wrap\" data-name=\"field-header-3\"><textarea cols=\"40\" rows=\"10\" class=\"wpcf7-form-control wpcf7-textarea\" aria-invalid=\"false\" placeholder=\"Message\" name=\"field-header-3\"><\/textarea><\/span><br \/>\n<span class=\"wpcf7-form-control-wrap\" data-name=\"acceptance-333\"><span class=\"wpcf7-form-control wpcf7-acceptance\"><span class=\"wpcf7-list-item\"><label><input type=\"checkbox\" name=\"acceptance-333\" value=\"1\" aria-invalid=\"false\" \/><span class=\"wpcf7-list-item-label\">I have read and accept the <a href=\"\/privacy-policy\/\">privacy<\/a> terms and conditions<\/span><\/label><\/span><\/span><\/span>\n<\/p>\n<p><input class=\"wpcf7-form-control wpcf7-submit has-spinner\" type=\"submit\" value=\"Submit\" \/>\n<\/p>\n<p>This site is protected by recaptcha and <a href=\"https:\/\/policies.google.com\/privacy\"> privacy policy <\/a> and <a href = \"https:\/\/policies.google.com\/terms\" > terms and conditions <\/a> of Google\n<\/p><div class=\"wpcf7-response-output\" aria-hidden=\"true\"><\/div>\n<\/form>\n<\/div>\n<\/div>[\/vc_column][\/vc_row][vc_row][vc_column][vc_empty_space height=&#8220;72&#8243;][\/vc_column][\/vc_row][\/vc_section][vc_row full_width=&#8220;stretch_row_content_no_spaces&#8220;][vc_column]<div  id=\"like_sc_google_maps_2038223102\" data-marker=\"https:\/\/siciliansail.com\/wp-content\/themes\/lamaro\/assets\/images\/location.png\" class=\"ltx-google-maps    vc_custom_1626179754278\" data-style=\"yellow\" data-lng=\"15.093281\" data-lat=\"37.500846\" data-zoom=\"17\" style=\"width: 100%; height: 460px;\"><\/div>[\/vc_column][\/vc_row][vc_row full_width=&#8220;stretch_row_content_no_spaces&#8220; disable_element=&#8220;yes&#8220;][vc_column][vc_custom_heading text=&#8220;Wo wir sind&#8220; font_container=&#8220;tag:h2|text_align:center&#8220;][vc_gmaps link=&#8220;#E-8_JTNDaWZyYW1lJTIwc3JjJTNEJTIyaHR0cHMlM0ElMkYlMkZ3d3cuZ29vZ2xlLmNvbSUyRm1hcHMlMkZlbWJlZCUzRnBiJTNEJTIxMW0xOCUyMTFtMTIlMjExbTMlMjExZDE1ODIuNjQ5OTI1MDk2OTE1NyUyMTJkMTUuMDkyMTg2NzU3MDE4MzI3JTIxM2QzNy41MDA4NDU0Nzk4MTAzJTIxMm0zJTIxMWYwJTIxMmYwJTIxM2YwJTIxM20yJTIxMWkxMDI0JTIxMmk3NjglMjE0ZjEzLjElMjEzbTMlMjExbTIlMjExczB4MTMxM2UzMzA1MDg4NjkxMyUyNTNBMHgyNzdlNGQzMDlkYzE0MzU1JTIxMnNWaWElMjUyMENhcmRpbmFsZSUyNTIwRHVzbWV0JTI1MkMlMjUyMDIlMjUyQyUyNTIwOTUxMjElMjUyMENhdGFuaWElMjUyMENUJTIxNWUwJTIxM20yJTIxMXNpdCUyMTJzaXQlMjE0djE2MTUyODExMDcwNzklMjE1bTIlMjExc2l0JTIxMnNpdCUyMiUyMHdpZHRoJTNEJTIyMTAwJTI1JTIyJTIwaGVpZ2h0JTNEJTIyNDUwJTIyJTIwc3R5bGUlM0QlMjJib3JkZXIlM0EwJTNCJTIyJTIwYWxsb3dmdWxsc2NyZWVuJTNEJTIyJTIyJTIwbG9hZGluZyUzRCUyMmxhenklMjIlM0UlM0MlMkZpZnJhbWUlM0U=&#8220; size=&#8220;450&#8243;][\/vc_column][\/vc_row]<\/p>\n","protected":false},"excerpt":{"rendered":"<p>[vc_section full_width=&#8220;stretch_row&#8220;][vc_row content_placement=&#8220;top&#8220;][vc_column width=&#8220;1\/2&#8243;][vc_column_text]Die Dienstbedingungen und Reiserouten k\u00f6nnen sich aufgrund der Wetterbedingungen oder der Anordnung der \u00f6rtlichen Seebeh\u00f6rden \u00e4ndern. Die Entscheidungen des Kommandanten zum Schutz der Passagiere auf See sind endg\u00fcltig. Schuhe und Jeans sollten an Bord nicht getragen werden. Es wird empfohlen, dass die Passagiere bequeme Baumwollkleidung mit weichen Messingkn\u00f6pfen oder m\u00f6glichst wenig Metall tragen und ein Sweatshirt oder eine Windjacke mitbringen.[\/vc_column_text][\/vc_column][vc_column width=&#8220;1\/2&#8243;][\/vc_column][\/vc_row][vc_row][vc_column][vc_empty_space height=&#8220;72&#8243;][\/vc_column][\/vc_row][\/vc_section][vc_row full_width=&#8220;stretch_row_content_no_spaces&#8220;][vc_column][\/vc_column][\/vc_row][vc_row full_width=&#8220;stretch_row_content_no_spaces&#8220; disable_element=&#8220;yes&#8220;][vc_column][vc_custom_heading text=&#8220;Wo wir sind&#8220; font_container=&#8220;tag:h2|text_align:center&#8220;][vc_gmaps link=&#8220;#E-8_JTNDaWZyYW1lJTIwc3JjJTNEJTIyaHR0cHMlM0ElMkYlMkZ3d3cuZ29vZ2xlLmNvbSUyRm1hcHMlMkZlbWJlZCUzRnBiJTNEJTIxMW0xOCUyMTFtMTIlMjExbTMlMjExZDE1ODIuNjQ5OTI1MDk2OTE1NyUyMTJkMTUuMDkyMTg2NzU3MDE4MzI3JTIxM2QzNy41MDA4NDU0Nzk4MTAzJTIxMm0zJTIxMWYwJTIxMmYwJTIxM2YwJTIxM20yJTIxMWkxMDI0JTIxMmk3NjglMjE0ZjEzLjElMjEzbTMlMjExbTIlMjExczB4MTMxM2UzMzA1MDg4NjkxMyUyNTNBMHgyNzdlNGQzMDlkYzE0MzU1JTIxMnNWaWElMjUyMENhcmRpbmFsZSUyNTIwRHVzbWV0JTI1MkMlMjUyMDIlMjUyQyUyNTIwOTUxMjElMjUyMENhdGFuaWElMjUyMENUJTIxNWUwJTIxM20yJTIxMXNpdCUyMTJzaXQlMjE0djE2MTUyODExMDcwNzklMjE1bTIlMjExc2l0JTIxMnNpdCUyMiUyMHdpZHRoJTNEJTIyMTAwJTI1JTIyJTIwaGVpZ2h0JTNEJTIyNDUwJTIyJTIwc3R5bGUlM0QlMjJib3JkZXIlM0EwJTNCJTIyJTIwYWxsb3dmdWxsc2NyZWVuJTNEJTIyJTIyJTIwbG9hZGluZyUzRCUyMmxhenklMjIlM0UlM0MlMkZpZnJhbWUlM0U=&#8220; size=&#8220;450&#8243;][\/vc_column][\/vc_row]<\/p>\n","protected":false},"author":1,"featured_media":10832,"parent":0,"menu_order":0,"comment_status":"closed","ping_status":"closed","template":"page-templates\/full-width.php","meta":{"_joinchat":[],"footnotes":""},"yoast_head":"<!-- This site is optimized with the Yoast SEO plugin v22.8 - https:\/\/yoast.com\/wordpress\/plugins\/seo\/ -->\n<title>Kontakt - Sicilia Sail Tour<\/title>\n<meta name=\"robots\" content=\"index, follow, max-snippet:-1, max-image-preview:large, max-video-preview:-1\" \/>\n<link rel=\"canonical\" href=\"https:\/\/siciliansail.com\/de\/contacts\/\" \/>\n<meta property=\"og:locale\" content=\"de_DE\" \/>\n<meta property=\"og:type\" content=\"article\" \/>\n<meta property=\"og:title\" content=\"Kontakt - Sicilia Sail Tour\" \/>\n<meta property=\"og:description\" content=\"[vc_section full_width=&#8220;stretch_row&#8220;][vc_row content_placement=&#8220;top&#8220;][vc_column width=&#8220;1\/2&#8243;][vc_column_text]Die Dienstbedingungen und Reiserouten k\u00f6nnen sich aufgrund der Wetterbedingungen oder der Anordnung der \u00f6rtlichen Seebeh\u00f6rden \u00e4ndern. Die Entscheidungen des Kommandanten zum Schutz der Passagiere auf See sind endg\u00fcltig. Schuhe und Jeans sollten an Bord nicht getragen werden. Es wird empfohlen, dass die Passagiere bequeme Baumwollkleidung mit weichen Messingkn\u00f6pfen oder m\u00f6glichst wenig Metall tragen und ein Sweatshirt oder eine Windjacke mitbringen.[\/vc_column_text][\/vc_column][vc_column width=&#8220;1\/2&#8243;][\/vc_column][\/vc_row][vc_row][vc_column][vc_empty_space height=&#8220;72&#8243;][\/vc_column][\/vc_row][\/vc_section][vc_row full_width=&#8220;stretch_row_content_no_spaces&#8220;][vc_column][\/vc_column][\/vc_row][vc_row full_width=&#8220;stretch_row_content_no_spaces&#8220; disable_element=&#8220;yes&#8220;][vc_column][vc_custom_heading text=&#8220;Wo wir sind&#8220; font_container=&#8220;tag:h2|text_align:center&#8220;][vc_gmaps link=&#8220;#E-8_JTNDaWZyYW1lJTIwc3JjJTNEJTIyaHR0cHMlM0ElMkYlMkZ3d3cuZ29vZ2xlLmNvbSUyRm1hcHMlMkZlbWJlZCUzRnBiJTNEJTIxMW0xOCUyMTFtMTIlMjExbTMlMjExZDE1ODIuNjQ5OTI1MDk2OTE1NyUyMTJkMTUuMDkyMTg2NzU3MDE4MzI3JTIxM2QzNy41MDA4NDU0Nzk4MTAzJTIxMm0zJTIxMWYwJTIxMmYwJTIxM2YwJTIxM20yJTIxMWkxMDI0JTIxMmk3NjglMjE0ZjEzLjElMjEzbTMlMjExbTIlMjExczB4MTMxM2UzMzA1MDg4NjkxMyUyNTNBMHgyNzdlNGQzMDlkYzE0MzU1JTIxMnNWaWElMjUyMENhcmRpbmFsZSUyNTIwRHVzbWV0JTI1MkMlMjUyMDIlMjUyQyUyNTIwOTUxMjElMjUyMENhdGFuaWElMjUyMENUJTIxNWUwJTIxM20yJTIxMXNpdCUyMTJzaXQlMjE0djE2MTUyODExMDcwNzklMjE1bTIlMjExc2l0JTIxMnNpdCUyMiUyMHdpZHRoJTNEJTIyMTAwJTI1JTIyJTIwaGVpZ2h0JTNEJTIyNDUwJTIyJTIwc3R5bGUlM0QlMjJib3JkZXIlM0EwJTNCJTIyJTIwYWxsb3dmdWxsc2NyZWVuJTNEJTIyJTIyJTIwbG9hZGluZyUzRCUyMmxhenklMjIlM0UlM0MlMkZpZnJhbWUlM0U=&#8220; size=&#8220;450&#8243;][\/vc_column][\/vc_row]\" \/>\n<meta property=\"og:url\" content=\"https:\/\/siciliansail.com\/de\/contacts\/\" \/>\n<meta property=\"og:site_name\" content=\"Sicilia Sail Tour\" \/>\n<meta property=\"article:modified_time\" content=\"2021-08-21T11:06:10+00:00\" \/>\n<meta property=\"og:image\" content=\"https:\/\/siciliansail.com\/wp-content\/uploads\/2018\/02\/contatti.jpg\" \/>\n\t<meta property=\"og:image:width\" content=\"1920\" \/>\n\t<meta property=\"og:image:height\" content=\"700\" \/>\n\t<meta property=\"og:image:type\" content=\"image\/jpeg\" \/>\n<meta name=\"twitter:card\" content=\"summary_large_image\" \/>\n<meta name=\"twitter:label1\" content=\"Gesch\u00e4tzte Lesezeit\" \/>\n\t<meta name=\"twitter:data1\" content=\"1 Minute\" \/>\n<script type=\"application\/ld+json\" class=\"yoast-schema-graph\">{\"@context\":\"https:\/\/schema.org\",\"@graph\":[{\"@type\":\"WebPage\",\"@id\":\"https:\/\/siciliansail.com\/de\/contacts\/\",\"url\":\"https:\/\/siciliansail.com\/de\/contacts\/\",\"name\":\"Kontakt - Sicilia Sail Tour\",\"isPartOf\":{\"@id\":\"https:\/\/siciliansail.com\/de\/#website\"},\"primaryImageOfPage\":{\"@id\":\"https:\/\/siciliansail.com\/de\/contacts\/#primaryimage\"},\"image\":{\"@id\":\"https:\/\/siciliansail.com\/de\/contacts\/#primaryimage\"},\"thumbnailUrl\":\"https:\/\/siciliansail.com\/wp-content\/uploads\/2018\/02\/contatti.jpg\",\"datePublished\":\"2017-05-17T20:05:52+00:00\",\"dateModified\":\"2021-08-21T11:06:10+00:00\",\"breadcrumb\":{\"@id\":\"https:\/\/siciliansail.com\/de\/contacts\/#breadcrumb\"},\"inLanguage\":\"de-DE\",\"potentialAction\":[{\"@type\":\"ReadAction\",\"target\":[\"https:\/\/siciliansail.com\/de\/contacts\/\"]}]},{\"@type\":\"ImageObject\",\"inLanguage\":\"de-DE\",\"@id\":\"https:\/\/siciliansail.com\/de\/contacts\/#primaryimage\",\"url\":\"https:\/\/siciliansail.com\/wp-content\/uploads\/2018\/02\/contatti.jpg\",\"contentUrl\":\"https:\/\/siciliansail.com\/wp-content\/uploads\/2018\/02\/contatti.jpg\",\"width\":1920,\"height\":700},{\"@type\":\"BreadcrumbList\",\"@id\":\"https:\/\/siciliansail.com\/de\/contacts\/#breadcrumb\",\"itemListElement\":[{\"@type\":\"ListItem\",\"position\":1,\"name\":\"Home\",\"item\":\"https:\/\/siciliansail.com\/de\/homepage\/\"},{\"@type\":\"ListItem\",\"position\":2,\"name\":\"Kontakt\"}]},{\"@type\":\"WebSite\",\"@id\":\"https:\/\/siciliansail.com\/de\/#website\",\"url\":\"https:\/\/siciliansail.com\/de\/\",\"name\":\"Sicilia Sail Tour\",\"description\":\"Excellence in navigation\",\"potentialAction\":[{\"@type\":\"SearchAction\",\"target\":{\"@type\":\"EntryPoint\",\"urlTemplate\":\"https:\/\/siciliansail.com\/de\/?s={search_term_string}\"},\"query-input\":\"required name=search_term_string\"}],\"inLanguage\":\"de-DE\"}]}<\/script>\n<!-- \/ Yoast SEO plugin. -->","yoast_head_json":{"title":"Kontakt - Sicilia Sail Tour","robots":{"index":"index","follow":"follow","max-snippet":"max-snippet:-1","max-image-preview":"max-image-preview:large","max-video-preview":"max-video-preview:-1"},"canonical":"https:\/\/siciliansail.com\/de\/contacts\/","og_locale":"de_DE","og_type":"article","og_title":"Kontakt - Sicilia Sail Tour","og_description":"[vc_section full_width=&#8220;stretch_row&#8220;][vc_row content_placement=&#8220;top&#8220;][vc_column width=&#8220;1\/2&#8243;][vc_column_text]Die Dienstbedingungen und Reiserouten k\u00f6nnen sich aufgrund der Wetterbedingungen oder der Anordnung der \u00f6rtlichen Seebeh\u00f6rden \u00e4ndern. Die Entscheidungen des Kommandanten zum Schutz der Passagiere auf See sind endg\u00fcltig. Schuhe und Jeans sollten an Bord nicht getragen werden. Es wird empfohlen, dass die Passagiere bequeme Baumwollkleidung mit weichen Messingkn\u00f6pfen oder m\u00f6glichst wenig Metall tragen und ein Sweatshirt oder eine Windjacke mitbringen.[\/vc_column_text][\/vc_column][vc_column width=&#8220;1\/2&#8243;][\/vc_column][\/vc_row][vc_row][vc_column][vc_empty_space height=&#8220;72&#8243;][\/vc_column][\/vc_row][\/vc_section][vc_row full_width=&#8220;stretch_row_content_no_spaces&#8220;][vc_column][\/vc_column][\/vc_row][vc_row full_width=&#8220;stretch_row_content_no_spaces&#8220; disable_element=&#8220;yes&#8220;][vc_column][vc_custom_heading text=&#8220;Wo wir sind&#8220; font_container=&#8220;tag:h2|text_align:center&#8220;][vc_gmaps link=&#8220;#E-8_JTNDaWZyYW1lJTIwc3JjJTNEJTIyaHR0cHMlM0ElMkYlMkZ3d3cuZ29vZ2xlLmNvbSUyRm1hcHMlMkZlbWJlZCUzRnBiJTNEJTIxMW0xOCUyMTFtMTIlMjExbTMlMjExZDE1ODIuNjQ5OTI1MDk2OTE1NyUyMTJkMTUuMDkyMTg2NzU3MDE4MzI3JTIxM2QzNy41MDA4NDU0Nzk4MTAzJTIxMm0zJTIxMWYwJTIxMmYwJTIxM2YwJTIxM20yJTIxMWkxMDI0JTIxMmk3NjglMjE0ZjEzLjElMjEzbTMlMjExbTIlMjExczB4MTMxM2UzMzA1MDg4NjkxMyUyNTNBMHgyNzdlNGQzMDlkYzE0MzU1JTIxMnNWaWElMjUyMENhcmRpbmFsZSUyNTIwRHVzbWV0JTI1MkMlMjUyMDIlMjUyQyUyNTIwOTUxMjElMjUyMENhdGFuaWElMjUyMENUJTIxNWUwJTIxM20yJTIxMXNpdCUyMTJzaXQlMjE0djE2MTUyODExMDcwNzklMjE1bTIlMjExc2l0JTIxMnNpdCUyMiUyMHdpZHRoJTNEJTIyMTAwJTI1JTIyJTIwaGVpZ2h0JTNEJTIyNDUwJTIyJTIwc3R5bGUlM0QlMjJib3JkZXIlM0EwJTNCJTIyJTIwYWxsb3dmdWxsc2NyZWVuJTNEJTIyJTIyJTIwbG9hZGluZyUzRCUyMmxhenklMjIlM0UlM0MlMkZpZnJhbWUlM0U=&#8220; size=&#8220;450&#8243;][\/vc_column][\/vc_row]","og_url":"https:\/\/siciliansail.com\/de\/contacts\/","og_site_name":"Sicilia Sail Tour","article_modified_time":"2021-08-21T11:06:10+00:00","og_image":[{"width":1920,"height":700,"url":"https:\/\/siciliansail.com\/wp-content\/uploads\/2018\/02\/contatti.jpg","type":"image\/jpeg"}],"twitter_card":"summary_large_image","twitter_misc":{"Gesch\u00e4tzte Lesezeit":"1 Minute"},"schema":{"@context":"https:\/\/schema.org","@graph":[{"@type":"WebPage","@id":"https:\/\/siciliansail.com\/de\/contacts\/","url":"https:\/\/siciliansail.com\/de\/contacts\/","name":"Kontakt - Sicilia Sail Tour","isPartOf":{"@id":"https:\/\/siciliansail.com\/de\/#website"},"primaryImageOfPage":{"@id":"https:\/\/siciliansail.com\/de\/contacts\/#primaryimage"},"image":{"@id":"https:\/\/siciliansail.com\/de\/contacts\/#primaryimage"},"thumbnailUrl":"https:\/\/siciliansail.com\/wp-content\/uploads\/2018\/02\/contatti.jpg","datePublished":"2017-05-17T20:05:52+00:00","dateModified":"2021-08-21T11:06:10+00:00","breadcrumb":{"@id":"https:\/\/siciliansail.com\/de\/contacts\/#breadcrumb"},"inLanguage":"de-DE","potentialAction":[{"@type":"ReadAction","target":["https:\/\/siciliansail.com\/de\/contacts\/"]}]},{"@type":"ImageObject","inLanguage":"de-DE","@id":"https:\/\/siciliansail.com\/de\/contacts\/#primaryimage","url":"https:\/\/siciliansail.com\/wp-content\/uploads\/2018\/02\/contatti.jpg","contentUrl":"https:\/\/siciliansail.com\/wp-content\/uploads\/2018\/02\/contatti.jpg","width":1920,"height":700},{"@type":"BreadcrumbList","@id":"https:\/\/siciliansail.com\/de\/contacts\/#breadcrumb","itemListElement":[{"@type":"ListItem","position":1,"name":"Home","item":"https:\/\/siciliansail.com\/de\/homepage\/"},{"@type":"ListItem","position":2,"name":"Kontakt"}]},{"@type":"WebSite","@id":"https:\/\/siciliansail.com\/de\/#website","url":"https:\/\/siciliansail.com\/de\/","name":"Sicilia Sail Tour","description":"Excellence in navigation","potentialAction":[{"@type":"SearchAction","target":{"@type":"EntryPoint","urlTemplate":"https:\/\/siciliansail.com\/de\/?s={search_term_string}"},"query-input":"required name=search_term_string"}],"inLanguage":"de-DE"}]}},"_links":{"self":[{"href":"https:\/\/siciliansail.com\/de\/wp-json\/wp\/v2\/pages\/11629"}],"collection":[{"href":"https:\/\/siciliansail.com\/de\/wp-json\/wp\/v2\/pages"}],"about":[{"href":"https:\/\/siciliansail.com\/de\/wp-json\/wp\/v2\/types\/page"}],"author":[{"embeddable":true,"href":"https:\/\/siciliansail.com\/de\/wp-json\/wp\/v2\/users\/1"}],"replies":[{"embeddable":true,"href":"https:\/\/siciliansail.com\/de\/wp-json\/wp\/v2\/comments?post=11629"}],"version-history":[{"count":3,"href":"https:\/\/siciliansail.com\/de\/wp-json\/wp\/v2\/pages\/11629\/revisions"}],"predecessor-version":[{"id":11636,"href":"https:\/\/siciliansail.com\/de\/wp-json\/wp\/v2\/pages\/11629\/revisions\/11636"}],"wp:featuredmedia":[{"embeddable":true,"href":"https:\/\/siciliansail.com\/de\/wp-json\/wp\/v2\/media\/10832"}],"wp:attachment":[{"href":"https:\/\/siciliansail.com\/de\/wp-json\/wp\/v2\/media?parent=11629"}],"curies":[{"name":"wp","href":"https:\/\/api.w.org\/{rel}","templated":true}]}}