{"id":11592,"date":"2020-07-01T04:55:43","date_gmt":"2020-07-01T04:55:43","guid":{"rendered":"https:\/\/siciliansail.com\/sailing-destination\/"},"modified":"2022-07-20T10:59:08","modified_gmt":"2022-07-20T10:59:08","slug":"sailing-destination","status":"publish","type":"page","link":"https:\/\/siciliansail.com\/de\/sailing-destination\/","title":{"rendered":"Reiseziel Segeln"},"content":{"rendered":"<p>[vc_row equal_height=&#8220;yes&#8220; css=&#8220;.vc_custom_1623138883424{padding-top: 100px !important;padding-bottom: 100px !important;}&#8220;][vc_column width=&#8220;1\/2&#8243;][vc_column_text]Sicilian Sail bietet viele M\u00f6glichkeiten, Ihr eigenes Abenteuer auf dem Meer zu chartern, um Sizilien zu erkunden. Wir haben unseren Sitz in Catania, in Port Vecchio, und unsere Boote liegen im spanischen Hafen &#8222;Club Nautico Catania&#8220;.\u00a0 Im Allgemeinen ist es am besten, wenn Sie sich einen Teil Siziliens aussuchen, den Sie erkunden m\u00f6chten, und uns dies vor Ihrer Abreise mitteilen.<\/p>\n<p>Unsere Crew ist darauf bedacht, Ihnen einen angenehmen und entspannenden T\u00f6rn zu erm\u00f6glichen. Sicilian Sail kann unseren G\u00e4sten professionelle, erfahrene Skipper und Hostessen an Bord zur Verf\u00fcgung stellen, die Italienisch, Englisch, Franz\u00f6sisch und Spanisch sprechen.<\/p>\n<div id=\"gtx-trans\" style=\"position: absolute; left: 224px; top: 415px;\">\n<div class=\"gtx-trans-icon\"><\/div>\n<\/div>\n<p>[\/vc_column_text]<div class=\"es-resp\">\t<div class=\"visible-xl\" style=\"height: 12px;\"><\/div>\t<div class=\"hidden-xl hidden-md hidden-sm hidden-ms hidden-xs\" style=\"height: 12px;\"><\/div>\t<div class=\"visible-md\" style=\"height: 12px;\"><\/div>\t<div class=\"visible-sm \" style=\"height: 12px;\"><\/div>\t<div class=\"visible-ms\" style=\"height: 12px;\"><\/div>\t<div class=\"visible-xs\" style=\"height: 12px;\"><\/div><\/div>[\/vc_column][vc_column width=&#8220;1\/2&#8243;][vc_single_image image=&#8220;7886&#8243; img_size=&#8220;full&#8220; alignment=&#8220;center&#8220; style=&#8220;vc_box_border&#8220; border_color=&#8220;chino&#8220;][\/vc_column][\/vc_row][vc_section full_width=&#8220;stretch_row&#8220; bg_color_select=&#8220;gray&#8220; bg_overlay=&#8220;divider&#8220; bg_pos=&#8220;center-center&#8220; theme_section=&#8220;displaced-top&#8220; css=&#8220;.vc_custom_1545783735033{margin-top: 0px !important;background-image: url(https:\/\/siciliansail.com\/wp-content\/uploads\/2018\/12\/services-bg-2.png?id=7744) !important;background-position: center !important;background-repeat: no-repeat !important;background-size: cover !important;}&#8220;][vc_row][vc_column]<div class=\"es-resp\">\t<div class=\"visible-xl\" style=\"height: 12px;\"><\/div>\t<div class=\"hidden-xl hidden-md hidden-sm hidden-ms hidden-xs\" style=\"height: 12px;\"><\/div>\t<div class=\"visible-md\" style=\"height: 12px;\"><\/div>\t<div class=\"visible-sm \" style=\"height: 12px;\"><\/div>\t<div class=\"visible-ms\" style=\"height: 12px;\"><\/div>\t<div class=\"visible-xs\" style=\"height: 12px;\"><\/div><\/div><div class=\"heading  header-underline align-center color-black subcolor-main transform-default has-subheader icon-type-default   vc_custom_1629497438031 heading-tag-h2\" id=\"like_sc_header_1063768186\"><h4 class=\"subheader ltx-sr-id-like_sc_header_10637681861698025829 ltx-sr ltx-sr-effect-fade_in ltx-sr-el-block ltx-sr-delay-100 ltx-sr-duration-300 ltx-sr-sequences-50\">Wundersch\u00f6nes Sizilien<\/h4><h2 class=\"header ltx-sr-id-like_sc_header_10637681861701441951 ltx-sr ltx-sr-effect-fade_in ltx-sr-el-block ltx-sr-delay-0 ltx-sr-duration-1000 ltx-sr-sequences-0\">Segelziel<\/h2><\/div>[vc_separator color=&#8220;chino&#8220;][vc_row_inner el_class=&#8220;no_desktop&#8220;][vc_column_inner width=&#8220;1\/2&#8243;]<div  id=\"like_sc_google_maps_297602696\" data-marker=\"https:\/\/siciliansail.com\/wp-content\/themes\/lamaro\/assets\/images\/location.png\" class=\"ltx-google-maps \" data-style=\"yellow\" data-lng=\"15.0553858\" data-lat=\"37.5071912\" data-zoom=\"15\" style=\"width: 100%; height: 320px;\"><\/div>[\/vc_column_inner][vc_column_inner width=&#8220;1\/2&#8243;][vc_column_text]<strong>CATANIA<\/strong><br \/>\nHafen von Catania (CT)<\/p>\n<p>Im Handelshafen von Catania befindet sich der Club Nautico Catania. Dies ist sicherlich die beste Wahl, wenn Sie in Ihrem Urlaub das Meer, die Berge und die historischen St\u00e4tten kombinieren m\u00f6chten.<\/p>\n<p>In dieser Stadt finden Sie wunderbare Orte von historischem und kulturellem Interesse, sowie den herrlichen \u00c4tna. Von Catania aus haben Sie zwei M\u00f6glichkeiten, die ionische Ostk\u00fcste zu entdecken: im S\u00fcden Syrakus, Marzamemi und Isola delle correnti; im Norden Acitrezza, Acireale und Taormina, Sie haben die Wahl.[\/vc_column_text][\/vc_column_inner][\/vc_row_inner][vc_row_inner el_class=&#8220;no_mobile&#8220;][vc_column_inner width=&#8220;1\/2&#8243;][vc_column_text]<strong>CATANIA<\/strong><br \/>\nPorto di Catania (CT)<\/p>\n<p>In the commercial port of Catania are situated in the Club Nautico Catania. This is certainly the best choice if your desire is to combine in the same holiday sea, mountain and historical sites.<\/p>\n<p>In this town you will find wonderful sites of historical and cultural interest, as well as the magnificent Mount Etna. Departing from Catania you will have two options to discovery the ionic east coast: to the south Syracuse, Marzamemi and Isola delle correnti; to the north Acitrezza, Acireale and Taormina, the choice is yours.<\/p>\n<div id=\"gtx-trans\" style=\"position: absolute; left: 89px; top: 79px;\">\n<div class=\"gtx-trans-icon\"><\/div>\n<\/div>\n<p>[\/vc_column_text][\/vc_column_inner][vc_column_inner width=&#8220;1\/2&#8243;]<div  id=\"like_sc_google_maps_450964014\" data-marker=\"https:\/\/siciliansail.com\/wp-content\/themes\/lamaro\/assets\/images\/location.png\" class=\"ltx-google-maps \" data-style=\"yellow\" data-lng=\"15.0553858\" data-lat=\"37.5071912\" data-zoom=\"15\" style=\"width: 100%; height: 320px;\"><\/div>[\/vc_column_inner][\/vc_row_inner][vc_separator color=&#8220;chino&#8220;][vc_row_inner][vc_column_inner width=&#8220;1\/2&#8243;][vc_column_text]<strong>TAORMINA<\/strong><\/p>\n<p>Unser sizilianisches Segelboot-Taxi begleitet die G\u00e4ste zu unserem Boot und zur Anlegestelle.<br \/>\nIn Taormina gibt es keine H\u00e4fen f\u00fcr gro\u00dfe Boote, aber wir haben eine Partnerschaft mit einem Liegeplatz Yacht Hotel befindet sich in der Bucht auf der S\u00fcdseite des Capo Taormina.<\/p>\n<p>Hier gibt es einen Liegeplatz, der sich \u00fcber 35.000 Quadratmeter innerhalb der Bucht von Taormina und Giardini Naxos erstreckt.<\/p>\n<p>Das exklusive Bojenfeld, das mit sicheren und regelm\u00e4\u00dfig gepr\u00fcften Anlegesystemen ausgestattet ist, besteht aus 30 Festmachern, die wie folgt angeordnet sind:<\/p>\n<p>Der Bootstaxi-Service ist von Juni bis September in Betrieb, eine Zeit, in der unser 24-Stunden-Concierge-Service auch den G\u00e4sten zur Verf\u00fcgung steht.<\/p>\n<p>Der Concierge arbeitet von einem 37 &#8218; langen Taxiboot aus, das st\u00e4ndig im Bojenfeld bereitsteht, um schnell auf Kundenw\u00fcnsche zu reagieren.[\/vc_column_text][\/vc_column_inner][vc_column_inner width=&#8220;1\/2&#8243;]<div  id=\"like_sc_google_maps_1081800684\" data-marker=\"https:\/\/siciliansail.com\/wp-content\/themes\/lamaro\/assets\/images\/location.png\" class=\"ltx-google-maps \" data-style=\"yellow\" data-lng=\"15.2773825\" data-lat=\"37.8414298\" data-zoom=\"17\" style=\"width: 100%; height: 380px;\"><\/div>[vc_column_text]<strong>Meeting point:<\/strong><br \/>\nDeparture is made from: Lungomare Regina Margherita, 98035 Giardini Naxos ME, Italia[\/vc_column_text][\/vc_column_inner][\/vc_row_inner]<div class=\"es-resp\">\t<div class=\"visible-xl\" style=\"height: 6px;\"><\/div>\t<div class=\"hidden-xl hidden-md hidden-sm hidden-ms hidden-xs\" style=\"height: 6px;\"><\/div>\t<div class=\"visible-md\" style=\"height: 6px;\"><\/div>\t<div class=\"visible-sm \" style=\"height: 6px;\"><\/div>\t<div class=\"visible-ms\" style=\"height: 6px;\"><\/div>\t<div class=\"visible-xs\" style=\"height: 6px;\"><\/div><\/div><div class=\"es-resp\">\t<div class=\"visible-xl\" style=\"height: 90px;\"><\/div>\t<div class=\"hidden-xl hidden-md hidden-sm hidden-ms hidden-xs\" style=\"height: 90px;\"><\/div>\t<div class=\"visible-md\" style=\"height: 90px;\"><\/div>\t<div class=\"visible-sm \" style=\"height: 90px;\"><\/div>\t<div class=\"visible-ms\" style=\"height: 90px;\"><\/div>\t<div class=\"visible-xs\" style=\"height: 90px;\"><\/div><\/div>[\/vc_column][\/vc_row][\/vc_section]<\/p>\n","protected":false},"excerpt":{"rendered":"<p>[vc_row equal_height=&#8220;yes&#8220; css=&#8220;.vc_custom_1623138883424{padding-top: 100px !important;padding-bottom: 100px !important;}&#8220;][vc_column width=&#8220;1\/2&#8243;][vc_column_text]Sicilian Sail bietet viele M\u00f6glichkeiten, Ihr eigenes Abenteuer auf dem Meer zu chartern, um Sizilien zu erkunden. Wir haben unseren Sitz in Catania, in Port Vecchio, und unsere Boote liegen im spanischen Hafen &#8222;Club Nautico Catania&#8220;.\u00a0 Im Allgemeinen ist es am besten, wenn Sie sich einen Teil Siziliens aussuchen, den Sie erkunden m\u00f6chten, und uns dies vor Ihrer Abreise mitteilen. Unsere Crew ist darauf bedacht, Ihnen einen angenehmen und entspannenden T\u00f6rn zu erm\u00f6glichen. Sicilian Sail kann unseren G\u00e4sten professionelle, erfahrene Skipper und Hostessen an Bord zur Verf\u00fcgung stellen, die Italienisch, Englisch, Franz\u00f6sisch und Spanisch sprechen. [\/vc_column_text][\/vc_column][vc_column width=&#8220;1\/2&#8243;][vc_single_image image=&#8220;7886&#8243; img_size=&#8220;full&#8220; alignment=&#8220;center&#8220; style=&#8220;vc_box_border&#8220; border_color=&#8220;chino&#8220;][\/vc_column][\/vc_row][vc_section full_width=&#8220;stretch_row&#8220; bg_color_select=&#8220;gray&#8220; bg_overlay=&#8220;divider&#8220; bg_pos=&#8220;center-center&#8220; theme_section=&#8220;displaced-top&#8220; css=&#8220;.vc_custom_1545783735033{margin-top: 0px !important;background-image: url(https:\/\/siciliansail.com\/wp-content\/uploads\/2018\/12\/services-bg-2.png?id=7744) !important;background-position: center !important;background-repeat: no-repeat !important;background-size: cover !important;}&#8220;][vc_row][vc_column][vc_separator color=&#8220;chino&#8220;][vc_row_inner el_class=&#8220;no_desktop&#8220;][vc_column_inner width=&#8220;1\/2&#8243;][\/vc_column_inner][vc_column_inner width=&#8220;1\/2&#8243;][vc_column_text]CATANIA Hafen von Catania (CT) Im Handelshafen von Catania befindet sich der Club Nautico Catania. Dies ist sicherlich die beste Wahl, wenn [&hellip;]<\/p>\n","protected":false},"author":1,"featured_media":10477,"parent":0,"menu_order":0,"comment_status":"closed","ping_status":"closed","template":"","meta":{"_joinchat":[],"footnotes":""},"yoast_head":"<!-- This site is optimized with the Yoast SEO plugin v22.8 - https:\/\/yoast.com\/wordpress\/plugins\/seo\/ -->\n<title>Reiseziel Segeln - Sicilia Sail Tour<\/title>\n<meta name=\"robots\" content=\"index, follow, max-snippet:-1, max-image-preview:large, max-video-preview:-1\" \/>\n<link rel=\"canonical\" href=\"https:\/\/siciliansail.com\/de\/sailing-destination\/\" \/>\n<meta property=\"og:locale\" content=\"de_DE\" \/>\n<meta property=\"og:type\" content=\"article\" \/>\n<meta property=\"og:title\" content=\"Reiseziel Segeln - Sicilia Sail Tour\" \/>\n<meta property=\"og:description\" content=\"[vc_row equal_height=&#8220;yes&#8220; css=&#8220;.vc_custom_1623138883424{padding-top: 100px !important;padding-bottom: 100px !important;}&#8220;][vc_column width=&#8220;1\/2&#8243;][vc_column_text]Sicilian Sail bietet viele M\u00f6glichkeiten, Ihr eigenes Abenteuer auf dem Meer zu chartern, um Sizilien zu erkunden. Wir haben unseren Sitz in Catania, in Port Vecchio, und unsere Boote liegen im spanischen Hafen &#8222;Club Nautico Catania&#8220;.\u00a0 Im Allgemeinen ist es am besten, wenn Sie sich einen Teil Siziliens aussuchen, den Sie erkunden m\u00f6chten, und uns dies vor Ihrer Abreise mitteilen. Unsere Crew ist darauf bedacht, Ihnen einen angenehmen und entspannenden T\u00f6rn zu erm\u00f6glichen. Sicilian Sail kann unseren G\u00e4sten professionelle, erfahrene Skipper und Hostessen an Bord zur Verf\u00fcgung stellen, die Italienisch, Englisch, Franz\u00f6sisch und Spanisch sprechen. [\/vc_column_text][\/vc_column][vc_column width=&#8220;1\/2&#8243;][vc_single_image image=&#8220;7886&#8243; img_size=&#8220;full&#8220; alignment=&#8220;center&#8220; style=&#8220;vc_box_border&#8220; border_color=&#8220;chino&#8220;][\/vc_column][\/vc_row][vc_section full_width=&#8220;stretch_row&#8220; bg_color_select=&#8220;gray&#8220; bg_overlay=&#8220;divider&#8220; bg_pos=&#8220;center-center&#8220; theme_section=&#8220;displaced-top&#8220; css=&#8220;.vc_custom_1545783735033{margin-top: 0px !important;background-image: url(https:\/\/siciliansail.com\/wp-content\/uploads\/2018\/12\/services-bg-2.png?id=7744) !important;background-position: center !important;background-repeat: no-repeat !important;background-size: cover !important;}&#8220;][vc_row][vc_column][vc_separator color=&#8220;chino&#8220;][vc_row_inner el_class=&#8220;no_desktop&#8220;][vc_column_inner width=&#8220;1\/2&#8243;][\/vc_column_inner][vc_column_inner width=&#8220;1\/2&#8243;][vc_column_text]CATANIA Hafen von Catania (CT) Im Handelshafen von Catania befindet sich der Club Nautico Catania. Dies ist sicherlich die beste Wahl, wenn [&hellip;]\" \/>\n<meta property=\"og:url\" content=\"https:\/\/siciliansail.com\/de\/sailing-destination\/\" \/>\n<meta property=\"og:site_name\" content=\"Sicilia Sail Tour\" \/>\n<meta property=\"article:modified_time\" content=\"2022-07-20T10:59:08+00:00\" \/>\n<meta property=\"og:image\" content=\"https:\/\/siciliansail.com\/wp-content\/uploads\/2021\/06\/flotta.jpg\" \/>\n\t<meta property=\"og:image:width\" content=\"1920\" \/>\n\t<meta property=\"og:image:height\" content=\"700\" \/>\n\t<meta property=\"og:image:type\" content=\"image\/jpeg\" \/>\n<meta name=\"twitter:card\" content=\"summary_large_image\" \/>\n<meta name=\"twitter:label1\" content=\"Gesch\u00e4tzte Lesezeit\" \/>\n\t<meta name=\"twitter:data1\" content=\"4 Minuten\" \/>\n<script type=\"application\/ld+json\" class=\"yoast-schema-graph\">{\"@context\":\"https:\/\/schema.org\",\"@graph\":[{\"@type\":\"WebPage\",\"@id\":\"https:\/\/siciliansail.com\/de\/sailing-destination\/\",\"url\":\"https:\/\/siciliansail.com\/de\/sailing-destination\/\",\"name\":\"Reiseziel Segeln - Sicilia Sail Tour\",\"isPartOf\":{\"@id\":\"https:\/\/siciliansail.com\/de\/#website\"},\"primaryImageOfPage\":{\"@id\":\"https:\/\/siciliansail.com\/de\/sailing-destination\/#primaryimage\"},\"image\":{\"@id\":\"https:\/\/siciliansail.com\/de\/sailing-destination\/#primaryimage\"},\"thumbnailUrl\":\"https:\/\/siciliansail.com\/wp-content\/uploads\/2021\/06\/flotta.jpg\",\"datePublished\":\"2020-07-01T04:55:43+00:00\",\"dateModified\":\"2022-07-20T10:59:08+00:00\",\"breadcrumb\":{\"@id\":\"https:\/\/siciliansail.com\/de\/sailing-destination\/#breadcrumb\"},\"inLanguage\":\"de-DE\",\"potentialAction\":[{\"@type\":\"ReadAction\",\"target\":[\"https:\/\/siciliansail.com\/de\/sailing-destination\/\"]}]},{\"@type\":\"ImageObject\",\"inLanguage\":\"de-DE\",\"@id\":\"https:\/\/siciliansail.com\/de\/sailing-destination\/#primaryimage\",\"url\":\"https:\/\/siciliansail.com\/wp-content\/uploads\/2021\/06\/flotta.jpg\",\"contentUrl\":\"https:\/\/siciliansail.com\/wp-content\/uploads\/2021\/06\/flotta.jpg\",\"width\":1920,\"height\":700},{\"@type\":\"BreadcrumbList\",\"@id\":\"https:\/\/siciliansail.com\/de\/sailing-destination\/#breadcrumb\",\"itemListElement\":[{\"@type\":\"ListItem\",\"position\":1,\"name\":\"Home\",\"item\":\"https:\/\/siciliansail.com\/de\/homepage\/\"},{\"@type\":\"ListItem\",\"position\":2,\"name\":\"Reiseziel Segeln\"}]},{\"@type\":\"WebSite\",\"@id\":\"https:\/\/siciliansail.com\/de\/#website\",\"url\":\"https:\/\/siciliansail.com\/de\/\",\"name\":\"Sicilia Sail Tour\",\"description\":\"Excellence in navigation\",\"potentialAction\":[{\"@type\":\"SearchAction\",\"target\":{\"@type\":\"EntryPoint\",\"urlTemplate\":\"https:\/\/siciliansail.com\/de\/?s={search_term_string}\"},\"query-input\":\"required name=search_term_string\"}],\"inLanguage\":\"de-DE\"}]}<\/script>\n<!-- \/ Yoast SEO plugin. -->","yoast_head_json":{"title":"Reiseziel Segeln - Sicilia Sail Tour","robots":{"index":"index","follow":"follow","max-snippet":"max-snippet:-1","max-image-preview":"max-image-preview:large","max-video-preview":"max-video-preview:-1"},"canonical":"https:\/\/siciliansail.com\/de\/sailing-destination\/","og_locale":"de_DE","og_type":"article","og_title":"Reiseziel Segeln - Sicilia Sail Tour","og_description":"[vc_row equal_height=&#8220;yes&#8220; css=&#8220;.vc_custom_1623138883424{padding-top: 100px !important;padding-bottom: 100px !important;}&#8220;][vc_column width=&#8220;1\/2&#8243;][vc_column_text]Sicilian Sail bietet viele M\u00f6glichkeiten, Ihr eigenes Abenteuer auf dem Meer zu chartern, um Sizilien zu erkunden. Wir haben unseren Sitz in Catania, in Port Vecchio, und unsere Boote liegen im spanischen Hafen &#8222;Club Nautico Catania&#8220;.\u00a0 Im Allgemeinen ist es am besten, wenn Sie sich einen Teil Siziliens aussuchen, den Sie erkunden m\u00f6chten, und uns dies vor Ihrer Abreise mitteilen. Unsere Crew ist darauf bedacht, Ihnen einen angenehmen und entspannenden T\u00f6rn zu erm\u00f6glichen. Sicilian Sail kann unseren G\u00e4sten professionelle, erfahrene Skipper und Hostessen an Bord zur Verf\u00fcgung stellen, die Italienisch, Englisch, Franz\u00f6sisch und Spanisch sprechen. [\/vc_column_text][\/vc_column][vc_column width=&#8220;1\/2&#8243;][vc_single_image image=&#8220;7886&#8243; img_size=&#8220;full&#8220; alignment=&#8220;center&#8220; style=&#8220;vc_box_border&#8220; border_color=&#8220;chino&#8220;][\/vc_column][\/vc_row][vc_section full_width=&#8220;stretch_row&#8220; bg_color_select=&#8220;gray&#8220; bg_overlay=&#8220;divider&#8220; bg_pos=&#8220;center-center&#8220; theme_section=&#8220;displaced-top&#8220; css=&#8220;.vc_custom_1545783735033{margin-top: 0px !important;background-image: url(https:\/\/siciliansail.com\/wp-content\/uploads\/2018\/12\/services-bg-2.png?id=7744) !important;background-position: center !important;background-repeat: no-repeat !important;background-size: cover !important;}&#8220;][vc_row][vc_column][vc_separator color=&#8220;chino&#8220;][vc_row_inner el_class=&#8220;no_desktop&#8220;][vc_column_inner width=&#8220;1\/2&#8243;][\/vc_column_inner][vc_column_inner width=&#8220;1\/2&#8243;][vc_column_text]CATANIA Hafen von Catania (CT) Im Handelshafen von Catania befindet sich der Club Nautico Catania. Dies ist sicherlich die beste Wahl, wenn [&hellip;]","og_url":"https:\/\/siciliansail.com\/de\/sailing-destination\/","og_site_name":"Sicilia Sail Tour","article_modified_time":"2022-07-20T10:59:08+00:00","og_image":[{"width":1920,"height":700,"url":"https:\/\/siciliansail.com\/wp-content\/uploads\/2021\/06\/flotta.jpg","type":"image\/jpeg"}],"twitter_card":"summary_large_image","twitter_misc":{"Gesch\u00e4tzte Lesezeit":"4 Minuten"},"schema":{"@context":"https:\/\/schema.org","@graph":[{"@type":"WebPage","@id":"https:\/\/siciliansail.com\/de\/sailing-destination\/","url":"https:\/\/siciliansail.com\/de\/sailing-destination\/","name":"Reiseziel Segeln - Sicilia Sail Tour","isPartOf":{"@id":"https:\/\/siciliansail.com\/de\/#website"},"primaryImageOfPage":{"@id":"https:\/\/siciliansail.com\/de\/sailing-destination\/#primaryimage"},"image":{"@id":"https:\/\/siciliansail.com\/de\/sailing-destination\/#primaryimage"},"thumbnailUrl":"https:\/\/siciliansail.com\/wp-content\/uploads\/2021\/06\/flotta.jpg","datePublished":"2020-07-01T04:55:43+00:00","dateModified":"2022-07-20T10:59:08+00:00","breadcrumb":{"@id":"https:\/\/siciliansail.com\/de\/sailing-destination\/#breadcrumb"},"inLanguage":"de-DE","potentialAction":[{"@type":"ReadAction","target":["https:\/\/siciliansail.com\/de\/sailing-destination\/"]}]},{"@type":"ImageObject","inLanguage":"de-DE","@id":"https:\/\/siciliansail.com\/de\/sailing-destination\/#primaryimage","url":"https:\/\/siciliansail.com\/wp-content\/uploads\/2021\/06\/flotta.jpg","contentUrl":"https:\/\/siciliansail.com\/wp-content\/uploads\/2021\/06\/flotta.jpg","width":1920,"height":700},{"@type":"BreadcrumbList","@id":"https:\/\/siciliansail.com\/de\/sailing-destination\/#breadcrumb","itemListElement":[{"@type":"ListItem","position":1,"name":"Home","item":"https:\/\/siciliansail.com\/de\/homepage\/"},{"@type":"ListItem","position":2,"name":"Reiseziel Segeln"}]},{"@type":"WebSite","@id":"https:\/\/siciliansail.com\/de\/#website","url":"https:\/\/siciliansail.com\/de\/","name":"Sicilia Sail Tour","description":"Excellence in navigation","potentialAction":[{"@type":"SearchAction","target":{"@type":"EntryPoint","urlTemplate":"https:\/\/siciliansail.com\/de\/?s={search_term_string}"},"query-input":"required name=search_term_string"}],"inLanguage":"de-DE"}]}},"_links":{"self":[{"href":"https:\/\/siciliansail.com\/de\/wp-json\/wp\/v2\/pages\/11592"}],"collection":[{"href":"https:\/\/siciliansail.com\/de\/wp-json\/wp\/v2\/pages"}],"about":[{"href":"https:\/\/siciliansail.com\/de\/wp-json\/wp\/v2\/types\/page"}],"author":[{"embeddable":true,"href":"https:\/\/siciliansail.com\/de\/wp-json\/wp\/v2\/users\/1"}],"replies":[{"embeddable":true,"href":"https:\/\/siciliansail.com\/de\/wp-json\/wp\/v2\/comments?post=11592"}],"version-history":[{"count":4,"href":"https:\/\/siciliansail.com\/de\/wp-json\/wp\/v2\/pages\/11592\/revisions"}],"predecessor-version":[{"id":11770,"href":"https:\/\/siciliansail.com\/de\/wp-json\/wp\/v2\/pages\/11592\/revisions\/11770"}],"wp:featuredmedia":[{"embeddable":true,"href":"https:\/\/siciliansail.com\/de\/wp-json\/wp\/v2\/media\/10477"}],"wp:attachment":[{"href":"https:\/\/siciliansail.com\/de\/wp-json\/wp\/v2\/media?parent=11592"}],"curies":[{"name":"wp","href":"https:\/\/api.w.org\/{rel}","templated":true}]}}